{"id":1127,"date":"2021-05-29T07:02:15","date_gmt":"2021-05-29T07:02:15","guid":{"rendered":"https:\/\/outbackyachting.com\/?page_id=1127"},"modified":"2021-05-29T11:30:27","modified_gmt":"2021-05-29T11:30:27","slug":"hakkimizda","status":"publish","type":"page","link":"https:\/\/outbackyachting.com\/tr\/hakkimizda\/","title":{"rendered":"Hakk\u0131m\u0131zda"},"content":{"rendered":"\t\t<div data-elementor-type=\"wp-page\" data-elementor-id=\"1127\" class=\"elementor elementor-1127\">\n\t\t\t\t\t\t<section class=\"elementor-section elementor-top-section elementor-element elementor-element-1f8718ac elementor-section-full_width elementor-section-stretched elementor-section-height-default elementor-section-height-default\" data-id=\"1f8718ac\" data-element_type=\"section\" data-e-type=\"section\" data-settings=\"{&quot;stretch_section&quot;:&quot;section-stretched&quot;}\">\n\t\t\t\t\t\t<div class=\"elementor-container elementor-column-gap-no\">\n\t\t\t\t\t<div class=\"elementor-column elementor-col-50 elementor-top-column elementor-element elementor-element-7b05a923\" data-id=\"7b05a923\" data-element_type=\"column\" data-e-type=\"column\" data-settings=\"{&quot;background_background&quot;:&quot;classic&quot;}\">\n\t\t\t<div class=\"elementor-widget-wrap elementor-element-populated\">\n\t\t\t\t\t\t<section class=\"elementor-section elementor-inner-section elementor-element elementor-element-6d21f74 elementor-section-height-min-height elementor-section-boxed elementor-section-height-default\" data-id=\"6d21f74\" data-element_type=\"section\" data-e-type=\"section\">\n\t\t\t\t\t\t<div class=\"elementor-container elementor-column-gap-default\">\n\t\t\t\t\t<div class=\"elementor-column elementor-col-50 elementor-inner-column elementor-element elementor-element-7cb3505\" data-id=\"7cb3505\" data-element_type=\"column\" data-e-type=\"column\">\n\t\t\t<div class=\"elementor-widget-wrap\">\n\t\t\t\t\t\t\t<\/div>\n\t\t<\/div>\n\t\t\t\t<div class=\"elementor-column elementor-col-50 elementor-inner-column elementor-element elementor-element-ed95edf\" data-id=\"ed95edf\" data-element_type=\"column\" data-e-type=\"column\">\n\t\t\t<div class=\"elementor-widget-wrap\">\n\t\t\t\t\t\t\t<\/div>\n\t\t<\/div>\n\t\t\t\t\t<\/div>\n\t\t<\/section>\n\t\t\t\t\t<\/div>\n\t\t<\/div>\n\t\t\t\t<div class=\"elementor-column elementor-col-50 elementor-top-column elementor-element elementor-element-569fb226\" data-id=\"569fb226\" data-element_type=\"column\" data-e-type=\"column\">\n\t\t\t<div class=\"elementor-widget-wrap elementor-element-populated\">\n\t\t\t\t\t\t<section class=\"elementor-section elementor-inner-section elementor-element elementor-element-7b584939 elementor-section-boxed elementor-section-height-default elementor-section-height-default\" data-id=\"7b584939\" data-element_type=\"section\" data-e-type=\"section\">\n\t\t\t\t\t\t<div class=\"elementor-container elementor-column-gap-default\">\n\t\t\t\t\t<div class=\"elementor-column elementor-col-100 elementor-inner-column elementor-element elementor-element-6a5b2a3a\" data-id=\"6a5b2a3a\" data-element_type=\"column\" data-e-type=\"column\">\n\t\t\t<div class=\"elementor-widget-wrap elementor-element-populated\">\n\t\t\t\t\t\t<div class=\"elementor-element elementor-element-cf8a0c6 elementor-widget elementor-widget-text-editor\" data-id=\"cf8a0c6\" data-element_type=\"widget\" data-e-type=\"widget\" data-widget_type=\"text-editor.default\">\n\t\t\t\t<div class=\"elementor-widget-container\">\n\t\t\t\t\t\t\t\t\t<h2 style=\"box-sizing: inherit; font-style: normal; font-variant-ligatures: normal; font-variant-caps: normal; letter-spacing: normal;\"><span style=\"box-sizing: inherit; font-weight: bold;\">Hakk\u0131m\u0131zda<\/span><\/h2><h4 style=\"box-sizing: inherit; font-style: normal; font-variant-ligatures: normal; font-variant-caps: normal; letter-spacing: normal;\"><span style=\"box-sizing: inherit; font-weight: bold;\">23 y\u0131ll\u0131k tecr\u00fcbe \u2013 Bodrum&#8217;da ki en iyi tekne turu deneyimini ya\u015fat\u0131yoruz.<\/span><\/h4><p>Outback Yat\u00e7\u0131l\u0131k 1997 y\u0131l\u0131nda kurulmu\u015f olup, yat\u00e7\u0131l\u0131k end\u00fcstrisinde \u00fcst \u00fcste 23 y\u0131ll\u0131k tecr\u00fcbe ile; bizim ahlak\u0131m\u0131z kaliteli hizmet sa\u011flamada k\u00f6kl\u00fcd\u00fcr.<\/p><p>Teknelerimiz en y\u00fcksek kalite standard\u0131na sahiptir. Siz Bodrum yar\u0131madas\u0131nda yelken a\u00e7arken, dost canl\u0131s\u0131 ve bilgili ekibimizle size g\u00fcvenli bir ortamda rahat ve keyifli bir deneyim ya\u015fatmak bizim ilkemizdir.<\/p><p>Outback teknelerinde vakit ge\u00e7irmek, sonsuza kadar yan\u0131n\u0131zda kalacak ve Bodrum&#8217;u denizden g\u00f6rmenin m\u00fcmk\u00fcn olan en iyi yolu, tatil yapmay\u0131 sevdiklerinizle dinlenmek ve e\u011flenmek i\u00e7in zaman ay\u0131rmak i\u00e7in unutulmaz bir deneyimdir.<\/p><p>Son 15 y\u0131ld\u0131r, se\u00e7tikleri tedarik\u00e7i olarak b\u00fcy\u00fck tur operat\u00f6rleri ile \u00e7al\u0131\u015ft\u0131k. Operat\u00f6rler i\u00e7in sertifikal\u0131 tekne tedarik\u00e7isi olarak, seyahatlerimizi \u00f6zel, g\u00fcvenli ve en \u00f6nemlisi sizin i\u00e7in e\u011flenceli k\u0131lmak i\u00e7in maksimum say\u0131ya sahibiz.<\/p>\t\t\t\t\t\t\t\t<\/div>\n\t\t\t\t<\/div>\n\t\t\t\t\t<\/div>\n\t\t<\/div>\n\t\t\t\t\t<\/div>\n\t\t<\/section>\n\t\t\t\t\t<\/div>\n\t\t<\/div>\n\t\t\t\t\t<\/div>\n\t\t<\/section>\n\t\t\t\t<\/div>\n\t\t","protected":false},"excerpt":{"rendered":"<p>Hakk\u0131m\u0131zda 23 y\u0131ll\u0131k tecr\u00fcbe \u2013 Bodrum&#8217;da ki en iyi tekne turu deneyimini ya\u015fat\u0131yoruz. Outback Yat\u00e7\u0131l\u0131k 1997 y\u0131l\u0131nda kurulmu\u015f olup, yat\u00e7\u0131l\u0131k end\u00fcstrisinde \u00fcst \u00fcste 23 y\u0131ll\u0131k tecr\u00fcbe<span class=\"excerpt-hellip\"> [\u2026]<\/span><\/p>\n","protected":false},"author":2,"featured_media":0,"parent":0,"menu_order":0,"comment_status":"closed","ping_status":"closed","template":"","meta":{"footnotes":""},"class_list":["post-1127","page","type-page","status-publish","hentry"],"_links":{"self":[{"href":"https:\/\/outbackyachting.com\/tr\/wp-json\/wp\/v2\/pages\/1127","targetHints":{"allow":["GET"]}}],"collection":[{"href":"https:\/\/outbackyachting.com\/tr\/wp-json\/wp\/v2\/pages"}],"about":[{"href":"https:\/\/outbackyachting.com\/tr\/wp-json\/wp\/v2\/types\/page"}],"author":[{"embeddable":true,"href":"https:\/\/outbackyachting.com\/tr\/wp-json\/wp\/v2\/users\/2"}],"replies":[{"embeddable":true,"href":"https:\/\/outbackyachting.com\/tr\/wp-json\/wp\/v2\/comments?post=1127"}],"version-history":[{"count":7,"href":"https:\/\/outbackyachting.com\/tr\/wp-json\/wp\/v2\/pages\/1127\/revisions"}],"predecessor-version":[{"id":1193,"href":"https:\/\/outbackyachting.com\/tr\/wp-json\/wp\/v2\/pages\/1127\/revisions\/1193"}],"wp:attachment":[{"href":"https:\/\/outbackyachting.com\/tr\/wp-json\/wp\/v2\/media?parent=1127"}],"curies":[{"name":"wp","href":"https:\/\/api.w.org\/{rel}","templated":true}]}}