{"id":1135,"date":"2021-05-29T10:33:04","date_gmt":"2021-05-29T10:33:04","guid":{"rendered":"https:\/\/outbackyachting.com\/?page_id=1135"},"modified":"2021-05-29T10:39:15","modified_gmt":"2021-05-29T10:39:15","slug":"ana-sayfa","status":"publish","type":"page","link":"https:\/\/outbackyachting.com\/tr\/","title":{"rendered":"Ana Sayfa"},"content":{"rendered":"\t\t<div data-elementor-type=\"wp-page\" data-elementor-id=\"1135\" class=\"elementor elementor-1135\">\n\t\t\t\t\t\t<section class=\"elementor-section elementor-top-section elementor-element elementor-element-1711ae1 elementor-section-height-min-height elementor-section-boxed elementor-section-height-default elementor-section-items-middle\" data-id=\"1711ae1\" data-element_type=\"section\">\n\t\t\t\t\t\t<div class=\"elementor-container elementor-column-gap-default\">\n\t\t\t\t\t<div class=\"elementor-column elementor-col-100 elementor-top-column elementor-element elementor-element-e2e5baf\" data-id=\"e2e5baf\" data-element_type=\"column\">\n\t\t\t<div class=\"elementor-widget-wrap elementor-element-populated\">\n\t\t\t\t\t\t<section class=\"elementor-section elementor-inner-section elementor-element elementor-element-d6fae84 elementor-section-boxed elementor-section-height-default elementor-section-height-default\" data-id=\"d6fae84\" data-element_type=\"section\">\n\t\t\t\t\t\t<div class=\"elementor-container elementor-column-gap-default\">\n\t\t\t\t\t<div class=\"elementor-column elementor-col-100 elementor-inner-column elementor-element elementor-element-c09477e\" data-id=\"c09477e\" data-element_type=\"column\">\n\t\t\t<div class=\"elementor-widget-wrap elementor-element-populated\">\n\t\t\t\t\t\t<div class=\"elementor-element elementor-element-a8bed0c elementor-widget elementor-widget-heading\" data-id=\"a8bed0c\" data-element_type=\"widget\" data-widget_type=\"heading.default\">\n\t\t\t\t<div class=\"elementor-widget-container\">\n\t\t\t<h2 class=\"elementor-heading-title elementor-size-large\"><i>Terapiye ihtiyac\u0131n\u0131z yok, tekne turuna ihtiyac\u0131n\u0131z var!<\/i><\/h2>\t\t<\/div>\n\t\t\t\t<\/div>\n\t\t\t\t\t<\/div>\n\t\t<\/div>\n\t\t\t\t\t<\/div>\n\t\t<\/section>\n\t\t\t\t\t<\/div>\n\t\t<\/div>\n\t\t\t\t\t<\/div>\n\t\t<\/section>\n\t\t\t\t<section class=\"elementor-section elementor-top-section elementor-element elementor-element-1a2c6d2 elementor-section-full_width elementor-section-height-default elementor-section-height-default\" data-id=\"1a2c6d2\" data-element_type=\"section\">\n\t\t\t\t\t\t<div class=\"elementor-container elementor-column-gap-no\">\n\t\t\t\t\t<div class=\"elementor-column elementor-col-33 elementor-top-column elementor-element elementor-element-5b5c591\" data-id=\"5b5c591\" data-element_type=\"column\">\n\t\t\t<div class=\"elementor-widget-wrap elementor-element-populated\">\n\t\t\t\t\t\t<div class=\"elementor-element elementor-element-9c00f83 elementor-widget elementor-widget-mfn_trailer_box\" data-id=\"9c00f83\" data-element_type=\"widget\" data-widget_type=\"mfn_trailer_box.default\">\n\t\t\t\t<div class=\"elementor-widget-container\">\n\t\t\t<div class=\"trailer_box \"><a href=\"\/daily-boat-trip\" ><img fetchpriority=\"high\" decoding=\"async\" class=\"scale-with-grid\" src=\"https:\/\/outbackyachting.com\/wp-content\/uploads\/2021\/03\/daily_outback.jpg\" alt=\"Daily Boat Trip\" width=\"960\" height=\"960\"\/><div class=\"desc\"><div class=\"subtitle\">G\u00fcnl\u00fck Tekne Turu<\/div><div class=\"line\"><\/div><\/div><\/a><\/div>\n\t\t<\/div>\n\t\t\t\t<\/div>\n\t\t\t\t\t<\/div>\n\t\t<\/div>\n\t\t\t\t<div class=\"elementor-column elementor-col-33 elementor-top-column elementor-element elementor-element-ab02f02\" data-id=\"ab02f02\" data-element_type=\"column\">\n\t\t\t<div class=\"elementor-widget-wrap elementor-element-populated\">\n\t\t\t\t\t\t<div class=\"elementor-element elementor-element-d6924b0 elementor-widget elementor-widget-mfn_trailer_box\" data-id=\"d6924b0\" data-element_type=\"widget\" data-widget_type=\"mfn_trailer_box.default\">\n\t\t\t\t<div class=\"elementor-widget-container\">\n\t\t\t<div class=\"trailer_box \"><a href=\"\/private-boat-hire\" ><img decoding=\"async\" class=\"scale-with-grid\" src=\"https:\/\/outbackyachting.com\/wp-content\/uploads\/2021\/03\/private_outback.jpg\" alt=\"Private Boat Hire\" width=\"960\" height=\"960\"\/><div class=\"desc\"><div class=\"subtitle\">\u00d6zel Tur<\/div><div class=\"line\"><\/div><\/div><\/a><\/div>\n\t\t<\/div>\n\t\t\t\t<\/div>\n\t\t\t\t\t<\/div>\n\t\t<\/div>\n\t\t\t\t<div class=\"elementor-column elementor-col-33 elementor-top-column elementor-element elementor-element-2f7770d\" data-id=\"2f7770d\" data-element_type=\"column\">\n\t\t\t<div class=\"elementor-widget-wrap elementor-element-populated\">\n\t\t\t\t\t\t<div class=\"elementor-element elementor-element-a5866a7 elementor-widget elementor-widget-mfn_trailer_box\" data-id=\"a5866a7\" data-element_type=\"widget\" data-widget_type=\"mfn_trailer_box.default\">\n\t\t\t\t<div class=\"elementor-widget-container\">\n\t\t\t<div class=\"trailer_box \"><a href=\"\/motor-yacht-hire\" ><img decoding=\"async\" class=\"scale-with-grid\" src=\"https:\/\/outbackyachting.com\/wp-content\/uploads\/2021\/03\/motoryacht.jpg\" alt=\"Motor Yacht Hire\" width=\"960\" height=\"960\"\/><div class=\"desc\"><div class=\"subtitle\">Motor Yat Kiralama<\/div><div class=\"line\"><\/div><\/div><\/a><\/div>\n\t\t<\/div>\n\t\t\t\t<\/div>\n\t\t\t\t\t<\/div>\n\t\t<\/div>\n\t\t\t\t\t<\/div>\n\t\t<\/section>\n\t\t\t\t<section class=\"elementor-section elementor-top-section elementor-element elementor-element-d4a110b elementor-section-full_width elementor-section-height-min-height elementor-section-height-default elementor-section-items-middle\" data-id=\"d4a110b\" data-element_type=\"section\">\n\t\t\t\t\t\t<div class=\"elementor-container elementor-column-gap-no\">\n\t\t\t\t\t<div class=\"elementor-column elementor-col-100 elementor-top-column elementor-element elementor-element-395cbaf\" data-id=\"395cbaf\" data-element_type=\"column\">\n\t\t\t<div class=\"elementor-widget-wrap elementor-element-populated\">\n\t\t\t\t\t\t<div class=\"elementor-element elementor-element-d9ea833 elementor-widget elementor-widget-shortcode\" data-id=\"d9ea833\" data-element_type=\"widget\" data-widget_type=\"shortcode.default\">\n\t\t\t\t<div class=\"elementor-widget-container\">\n\t\t\t\t\t<div class=\"elementor-shortcode\"><script language=\"JavaScript1.2\">var IHRSS_WIDTH = \"98%\"; var IHRSS_HEIGHT = \"75px\"; var IHRSS_SPEED = 1; var IHRSS_BGCOLOR = \"\"; var IHRSS_SLIDESRARRAY=new Array(); var IHRSS_SLIDESRARRAY1=new Array(); var IHRSS_FINALSLIDE = \" \"; IHRSS_SLIDESRARRAY[0]='<a title=\"outback_slide\" target=\"_blank\" href=\"https:\/\/instagram.com\/outbackyachting\"><img decoding=\"async\" style=\"display:inline;max-width: none;box-shadow: 0px 0px 0px 0px;padding-right:5px;\" alt=\"outback_slide\" src=\"https:\/\/outbackyachting.com\/wp-content\/uploads\/2021\/03\/follow_us.png\" \/><\/a>';\tIHRSS_SLIDESRARRAY[1]='<a title=\"outback_slide\" target=\"_blank\" href=\"https:\/\/instagram.com\/outbackyachting\"><img decoding=\"async\" style=\"display:inline;max-width: none;box-shadow: 0px 0px 0px 0px;padding-right:5px;\" alt=\"outback_slide\" src=\"https:\/\/outbackyachting.com\/wp-content\/uploads\/2021\/03\/follow_us.png\" \/><\/a>';\tIHRSS_SLIDESRARRAY[2]='<a title=\"outback_slide\" target=\"_blank\" href=\"https:\/\/instagram.com\/outbackyachting\"><img decoding=\"async\" style=\"display:inline;max-width: none;box-shadow: 0px 0px 0px 0px;padding-right:5px;\" alt=\"outback_slide\" src=\"https:\/\/outbackyachting.com\/wp-content\/uploads\/2021\/03\/follow_us.png\" \/><\/a>';\tIHRSS_SLIDESRARRAY[3]='<a title=\"slogan\" target=\"_blank\" href=\"https:\/\/instagram.com\/outbackyachting\"><img decoding=\"async\" style=\"display:inline;max-width: none;box-shadow: 0px 0px 0px 0px;padding-right:5px;\" alt=\"slogan\" src=\"https:\/\/outbackyachting.com\/wp-content\/uploads\/2021\/03\/follow_us.png\" \/><\/a>';\tIHRSS_SLIDESRARRAY[4]='<a title=\"slogan\" target=\"_blank\" href=\"https:\/\/instagram.com\/outbackyachting\"><img decoding=\"async\" style=\"display:inline;max-width: none;box-shadow: 0px 0px 0px 0px;padding-right:5px;\" alt=\"slogan\" src=\"https:\/\/outbackyachting.com\/wp-content\/uploads\/2021\/03\/follow_us.png\" \/><\/a>';\tIHRSS_SLIDESRARRAY1[0]='<img decoding=\"async\" style=\"display: none;max-width: none;\" src=\"https:\/\/outbackyachting.com\/wp-content\/uploads\/2021\/03\/follow_us.png\" \/>';\tIHRSS_SLIDESRARRAY1[1]='<img decoding=\"async\" style=\"display: none;max-width: none;\" src=\"https:\/\/outbackyachting.com\/wp-content\/uploads\/2021\/03\/follow_us.png\" \/>';\tIHRSS_SLIDESRARRAY1[2]='<img decoding=\"async\" style=\"display: none;max-width: none;\" src=\"https:\/\/outbackyachting.com\/wp-content\/uploads\/2021\/03\/follow_us.png\" \/>';\tIHRSS_SLIDESRARRAY1[3]='<img decoding=\"async\" style=\"display: none;max-width: none;\" src=\"https:\/\/outbackyachting.com\/wp-content\/uploads\/2021\/03\/follow_us.png\" \/>';\tIHRSS_SLIDESRARRAY1[4]='<img decoding=\"async\" style=\"display: none;max-width: none;\" src=\"https:\/\/outbackyachting.com\/wp-content\/uploads\/2021\/03\/follow_us.png\" \/>';\tvar IHRSS_IMGGAP = \"\"; var IHRSS_PIXELGAP = 0; <\/script><script language=\"JavaScript1.2\" src=\"https:\/\/outbackyachting.com\/wp-content\/plugins\/image-horizontal-reel-scroll-slideshow\/image-horizontal-reel-scroll-slideshow.js\"><\/script><\/div>\n\t\t\t\t<\/div>\n\t\t\t\t<\/div>\n\t\t\t\t\t<\/div>\n\t\t<\/div>\n\t\t\t\t\t<\/div>\n\t\t<\/section>\n\t\t\t\t<section class=\"elementor-section elementor-top-section elementor-element elementor-element-3c6844f elementor-section-full_width elementor-section-height-default elementor-section-height-default\" data-id=\"3c6844f\" data-element_type=\"section\">\n\t\t\t\t\t\t<div class=\"elementor-container elementor-column-gap-default\">\n\t\t\t\t\t<div class=\"elementor-column elementor-col-50 elementor-top-column elementor-element elementor-element-a66ade0\" data-id=\"a66ade0\" data-element_type=\"column\">\n\t\t\t<div class=\"elementor-widget-wrap elementor-element-populated\">\n\t\t\t\t\t\t<div class=\"elementor-element elementor-element-c0c6779 elementor-widget elementor-widget-mfn_trailer_box\" data-id=\"c0c6779\" data-element_type=\"widget\" data-widget_type=\"mfn_trailer_box.default\">\n\t\t\t\t<div class=\"elementor-widget-container\">\n\t\t\t<div class=\"trailer_box \"><a href=\"\/photos\" ><img loading=\"lazy\" decoding=\"async\" class=\"scale-with-grid\" src=\"https:\/\/outbackyachting.com\/wp-content\/uploads\/2021\/03\/photos_outback.jpg\" alt=\"photos_outback\" width=\"960\" height=\"960\"\/><div class=\"desc\"><h2>Foto\u011fraflar<\/h2><div class=\"line\"><\/div><\/div><\/a><\/div>\n\t\t<\/div>\n\t\t\t\t<\/div>\n\t\t\t\t\t<\/div>\n\t\t<\/div>\n\t\t\t\t<div class=\"elementor-column elementor-col-50 elementor-top-column elementor-element elementor-element-5fd10d8\" data-id=\"5fd10d8\" data-element_type=\"column\">\n\t\t\t<div class=\"elementor-widget-wrap elementor-element-populated\">\n\t\t\t\t\t\t<div class=\"elementor-element elementor-element-470af81 elementor-widget elementor-widget-mfn_trailer_box\" data-id=\"470af81\" data-element_type=\"widget\" data-widget_type=\"mfn_trailer_box.default\">\n\t\t\t\t<div class=\"elementor-widget-container\">\n\t\t\t<div class=\"trailer_box \"><a href=\"\/contact\" ><img loading=\"lazy\" decoding=\"async\" class=\"scale-with-grid\" src=\"https:\/\/outbackyachting.com\/wp-content\/uploads\/2021\/03\/map-1.jpg\" alt=\"Bodrum Map\" width=\"960\" height=\"960\"\/><div class=\"desc\"><h2>Bize Nas\u0131l Ula\u015f\u0131rs\u0131n\u0131z?<\/h2><div class=\"line\"><\/div><\/div><\/a><\/div>\n\t\t<\/div>\n\t\t\t\t<\/div>\n\t\t\t\t\t<\/div>\n\t\t<\/div>\n\t\t\t\t\t<\/div>\n\t\t<\/section>\n\t\t\t\t<section class=\"elementor-section elementor-top-section elementor-element elementor-element-920b46d elementor-section-height-min-height elementor-section-boxed elementor-section-height-default elementor-section-items-middle\" data-id=\"920b46d\" data-element_type=\"section\">\n\t\t\t\t\t\t<div class=\"elementor-container elementor-column-gap-default\">\n\t\t\t\t\t<div class=\"elementor-column elementor-col-100 elementor-top-column elementor-element elementor-element-fe4ee72\" data-id=\"fe4ee72\" data-element_type=\"column\">\n\t\t\t<div class=\"elementor-widget-wrap elementor-element-populated\">\n\t\t\t\t\t\t\t<\/div>\n\t\t<\/div>\n\t\t\t\t\t<\/div>\n\t\t<\/section>\n\t\t\t\t<section class=\"elementor-section elementor-top-section elementor-element elementor-element-52af3d6 elementor-section-height-min-height elementor-section-boxed elementor-section-height-default elementor-section-items-middle\" data-id=\"52af3d6\" data-element_type=\"section\">\n\t\t\t\t\t\t<div class=\"elementor-container elementor-column-gap-default\">\n\t\t\t\t\t<div class=\"elementor-column elementor-col-100 elementor-top-column elementor-element elementor-element-77d3b1f\" data-id=\"77d3b1f\" data-element_type=\"column\">\n\t\t\t<div class=\"elementor-widget-wrap elementor-element-populated\">\n\t\t\t\t\t\t<section class=\"elementor-section elementor-inner-section elementor-element elementor-element-cd3571d elementor-section-boxed elementor-section-height-default elementor-section-height-default\" data-id=\"cd3571d\" data-element_type=\"section\">\n\t\t\t\t\t\t<div class=\"elementor-container elementor-column-gap-default\">\n\t\t\t\t\t<div class=\"elementor-column elementor-col-100 elementor-inner-column elementor-element elementor-element-7385519\" data-id=\"7385519\" data-element_type=\"column\">\n\t\t\t<div class=\"elementor-widget-wrap elementor-element-populated\">\n\t\t\t\t\t\t<div class=\"elementor-element elementor-element-79cdb78 elementor-widget elementor-widget-heading\" data-id=\"79cdb78\" data-element_type=\"widget\" data-widget_type=\"heading.default\">\n\t\t\t\t<div class=\"elementor-widget-container\">\n\t\t\t<h2 class=\"elementor-heading-title elementor-size-large\">Instagram'da Biz<\/h2>\t\t<\/div>\n\t\t\t\t<\/div>\n\t\t\t\t\t<\/div>\n\t\t<\/div>\n\t\t\t\t\t<\/div>\n\t\t<\/section>\n\t\t\t\t\t<\/div>\n\t\t<\/div>\n\t\t\t\t\t<\/div>\n\t\t<\/section>\n\t\t\t\t<section class=\"elementor-section elementor-top-section elementor-element elementor-element-84f866a elementor-section-stretched elementor-section-boxed elementor-section-height-default elementor-section-height-default\" data-id=\"84f866a\" data-element_type=\"section\" data-settings=\"{&quot;stretch_section&quot;:&quot;section-stretched&quot;}\">\n\t\t\t\t\t\t<div class=\"elementor-container elementor-column-gap-default\">\n\t\t\t\t\t<div class=\"elementor-column elementor-col-100 elementor-top-column elementor-element elementor-element-8040506\" data-id=\"8040506\" data-element_type=\"column\">\n\t\t\t<div class=\"elementor-widget-wrap elementor-element-populated\">\n\t\t\t\t\t\t<div class=\"elementor-element elementor-element-63b3c2c elementor-widget elementor-widget-shortcode\" data-id=\"63b3c2c\" data-element_type=\"widget\" data-widget_type=\"shortcode.default\">\n\t\t\t\t<div class=\"elementor-widget-container\">\n\t\t\t\t\t<div class=\"elementor-shortcode\"><\/div>\n\t\t\t\t<\/div>\n\t\t\t\t<\/div>\n\t\t\t\t\t<\/div>\n\t\t<\/div>\n\t\t\t\t\t<\/div>\n\t\t<\/section>\n\t\t\t\t<\/div>\n\t\t","protected":false},"excerpt":{"rendered":"<p>Terapiye ihtiyac\u0131n\u0131z yok, tekne turuna ihtiyac\u0131n\u0131z var! G\u00fcnl\u00fck Tekne Turu \u00d6zel Tur Motor Yat Kiralama Foto\u011fraflar Bize Nas\u0131l Ula\u015f\u0131rs\u0131n\u0131z? Instagram&#8217;da Biz<\/p>\n","protected":false},"author":2,"featured_media":0,"parent":0,"menu_order":0,"comment_status":"closed","ping_status":"open","template":"elementor_header_footer","meta":{"footnotes":""},"class_list":["post-1135","page","type-page","status-publish","hentry"],"_links":{"self":[{"href":"https:\/\/outbackyachting.com\/tr\/wp-json\/wp\/v2\/pages\/1135"}],"collection":[{"href":"https:\/\/outbackyachting.com\/tr\/wp-json\/wp\/v2\/pages"}],"about":[{"href":"https:\/\/outbackyachting.com\/tr\/wp-json\/wp\/v2\/types\/page"}],"author":[{"embeddable":true,"href":"https:\/\/outbackyachting.com\/tr\/wp-json\/wp\/v2\/users\/2"}],"replies":[{"embeddable":true,"href":"https:\/\/outbackyachting.com\/tr\/wp-json\/wp\/v2\/comments?post=1135"}],"version-history":[{"count":10,"href":"https:\/\/outbackyachting.com\/tr\/wp-json\/wp\/v2\/pages\/1135\/revisions"}],"predecessor-version":[{"id":1148,"href":"https:\/\/outbackyachting.com\/tr\/wp-json\/wp\/v2\/pages\/1135\/revisions\/1148"}],"wp:attachment":[{"href":"https:\/\/outbackyachting.com\/tr\/wp-json\/wp\/v2\/media?parent=1135"}],"curies":[{"name":"wp","href":"https:\/\/api.w.org\/{rel}","templated":true}]}}