{"id":1149,"date":"2021-05-29T10:40:21","date_gmt":"2021-05-29T10:40:21","guid":{"rendered":"https:\/\/outbackyachting.com\/?page_id=1149"},"modified":"2021-05-29T11:12:26","modified_gmt":"2021-05-29T11:12:26","slug":"gunluk-tekne-turu","status":"publish","type":"page","link":"https:\/\/outbackyachting.com\/tr\/gunluk-tekne-turu\/","title":{"rendered":"G\u00fcnl\u00fck Tekne Turu"},"content":{"rendered":"\t\t<div data-elementor-type=\"wp-page\" data-elementor-id=\"1149\" class=\"elementor elementor-1149\">\n\t\t\t\t\t\t<section class=\"elementor-section elementor-top-section elementor-element elementor-element-62104ee elementor-section-full_width elementor-section-stretched elementor-section-height-default elementor-section-height-default\" data-id=\"62104ee\" data-element_type=\"section\" data-e-type=\"section\" data-settings=\"{&quot;stretch_section&quot;:&quot;section-stretched&quot;}\">\n\t\t\t\t\t\t<div class=\"elementor-container elementor-column-gap-no\">\n\t\t\t\t\t<div class=\"elementor-column elementor-col-50 elementor-top-column elementor-element elementor-element-1d92906\" data-id=\"1d92906\" data-element_type=\"column\" data-e-type=\"column\" data-settings=\"{&quot;background_background&quot;:&quot;classic&quot;}\">\n\t\t\t<div class=\"elementor-widget-wrap elementor-element-populated\">\n\t\t\t\t\t\t<section class=\"elementor-section elementor-inner-section elementor-element elementor-element-7cb46fc elementor-section-height-min-height elementor-section-boxed elementor-section-height-default\" data-id=\"7cb46fc\" data-element_type=\"section\" data-e-type=\"section\">\n\t\t\t\t\t\t<div class=\"elementor-container elementor-column-gap-default\">\n\t\t\t\t\t<div class=\"elementor-column elementor-col-50 elementor-inner-column elementor-element elementor-element-cdbcd82\" data-id=\"cdbcd82\" data-element_type=\"column\" data-e-type=\"column\">\n\t\t\t<div class=\"elementor-widget-wrap\">\n\t\t\t\t\t\t\t<\/div>\n\t\t<\/div>\n\t\t\t\t<div class=\"elementor-column elementor-col-50 elementor-inner-column elementor-element elementor-element-88e4ec7\" data-id=\"88e4ec7\" data-element_type=\"column\" data-e-type=\"column\">\n\t\t\t<div class=\"elementor-widget-wrap\">\n\t\t\t\t\t\t\t<\/div>\n\t\t<\/div>\n\t\t\t\t\t<\/div>\n\t\t<\/section>\n\t\t\t\t\t<\/div>\n\t\t<\/div>\n\t\t\t\t<div class=\"elementor-column elementor-col-50 elementor-top-column elementor-element elementor-element-3a5bc08\" data-id=\"3a5bc08\" data-element_type=\"column\" data-e-type=\"column\">\n\t\t\t<div class=\"elementor-widget-wrap elementor-element-populated\">\n\t\t\t\t\t\t<section class=\"elementor-section elementor-inner-section elementor-element elementor-element-8c3b2f4 elementor-section-boxed elementor-section-height-default elementor-section-height-default\" data-id=\"8c3b2f4\" data-element_type=\"section\" data-e-type=\"section\">\n\t\t\t\t\t\t<div class=\"elementor-container elementor-column-gap-default\">\n\t\t\t\t\t<div class=\"elementor-column elementor-col-100 elementor-inner-column elementor-element elementor-element-f59218d\" data-id=\"f59218d\" data-element_type=\"column\" data-e-type=\"column\">\n\t\t\t<div class=\"elementor-widget-wrap elementor-element-populated\">\n\t\t\t\t\t\t<div class=\"elementor-element elementor-element-676bda5 elementor-widget elementor-widget-text-editor\" data-id=\"676bda5\" data-element_type=\"widget\" data-e-type=\"widget\" data-widget_type=\"text-editor.default\">\n\t\t\t\t<div class=\"elementor-widget-container\">\n\t\t\t\t\t\t\t\t\t<h3 class=\"p1\" style=\"box-sizing: inherit; font-style: normal; font-variant-ligatures: normal; font-variant-caps: normal; letter-spacing: normal;\"><span style=\"box-sizing: inherit; font-weight: bold;\">Her \u015fey dahil<br \/>G\u00fcnl\u00fck Tekne Turu.<\/span><\/h3><h5 class=\"p1\" style=\"box-sizing: inherit; font-style: normal; font-variant-ligatures: normal; font-variant-caps: normal; letter-spacing: normal;\"><span style=\"box-sizing: inherit; font-weight: bold;\">Arkan\u0131za yaslan\u0131n, rahatlay\u0131n ve <br \/>manzaran\u0131n tad\u0131n\u0131 \u00e7\u0131kar\u0131n\u2026<\/span><\/h5><p>Kumsallar\u0131, k\u00fc\u00e7\u00fck koylar\u0131 ve rengarenk tatil yerlerini ge\u00e7erek Bodrum sahil \u015feridinde yelken a\u00e7\u0131n. Gulete atlay\u0131n, biraz g\u00fcne\u015f kremi s\u00fcr\u00fcn ve s\u0131cak g\u00fcne\u015f \u0131\u015f\u0131\u011f\u0131nda g\u00fcvertede uzan\u0131n.<\/p><p>Bu gezi, a\u015fa\u011f\u0131dakiler dahil olmak \u00fczere farkl\u0131 koylarda durur; Parlak renkli bal\u0131klarla dolu saf turkuaz sular\u0131 ve \u015fnorkelli y\u00fczme cenneti ile Akvaryum Koyu. Kumlar boyunca deveye binme ve ard\u0131ndan ba\u015fka bir ac\u0131 g\u00fczel koyda gezme f\u0131rsat\u0131 bulaca\u011f\u0131n\u0131z deve plaj\u0131, yava\u015f yava\u015f limana do\u011fru yelken a\u00e7arken teknede rahatlama ve manzaran\u0131n tad\u0131n\u0131 \u00e7\u0131karma \u015fans\u0131na sahip olacaks\u0131n\u0131z.<\/p><p>Bu tam g\u00fcnl\u00fck geziye gemide taze pi\u015fmi\u015f \u00f6\u011fle yeme\u011fi, s\u0131n\u0131rs\u0131z bira, \u015farap ve alkols\u00fcz i\u00e7ecekler dahildir. Yan\u0131n\u0131zda rahat ayakkab\u0131lar, mayo ve havlu, g\u00fcne\u015f g\u00f6zl\u00fc\u011f\u00fc, g\u00fcne\u015flik ve g\u00fcne\u015f kremi ve biraz para harcamay\u0131 unutmay\u0131n.<\/p><p>Yar\u0131madan\u0131n \u00e7evresinden taksi veya toplu ta\u015f\u0131ma ile kolayca ula\u015f\u0131labilen G\u00fcmbet liman\u0131nday\u0131z.<\/p>\t\t\t\t\t\t\t\t<\/div>\n\t\t\t\t<\/div>\n\t\t\t\t<div class=\"elementor-element elementor-element-b841181 elementor-button-warning elementor-widget elementor-widget-button\" data-id=\"b841181\" data-element_type=\"widget\" data-e-type=\"widget\" data-widget_type=\"button.default\">\n\t\t\t\t<div class=\"elementor-widget-container\">\n\t\t\t\t\t\t\t\t\t<div class=\"elementor-button-wrapper\">\n\t\t\t\t\t<a class=\"elementor-button elementor-button-link elementor-size-lg\" href=\"https:\/\/wa.me\/+905327132823?text=Merhaba,%20G\u00fcnl\u00fck%20Tekne%20Turu%20hakk\u0131nda%20bilgi%20almak%20istiyorum.\">\n\t\t\t\t\t\t<span class=\"elementor-button-content-wrapper\">\n\t\t\t\t\t\t\t\t\t<span class=\"elementor-button-text\">\u015eimdi Rezervasyon Yap<\/span>\n\t\t\t\t\t<\/span>\n\t\t\t\t\t<\/a>\n\t\t\t\t<\/div>\n\t\t\t\t\t\t\t\t<\/div>\n\t\t\t\t<\/div>\n\t\t\t\t\t<\/div>\n\t\t<\/div>\n\t\t\t\t\t<\/div>\n\t\t<\/section>\n\t\t\t\t\t<\/div>\n\t\t<\/div>\n\t\t\t\t\t<\/div>\n\t\t<\/section>\n\t\t\t\t<\/div>\n\t\t","protected":false},"excerpt":{"rendered":"<p>Her \u015fey dahilG\u00fcnl\u00fck Tekne Turu. Arkan\u0131za yaslan\u0131n, rahatlay\u0131n ve manzaran\u0131n tad\u0131n\u0131 \u00e7\u0131kar\u0131n\u2026 Kumsallar\u0131, k\u00fc\u00e7\u00fck koylar\u0131 ve rengarenk tatil yerlerini ge\u00e7erek Bodrum sahil \u015feridinde yelken a\u00e7\u0131n. Gulete<span class=\"excerpt-hellip\"> [\u2026]<\/span><\/p>\n","protected":false},"author":2,"featured_media":0,"parent":0,"menu_order":0,"comment_status":"closed","ping_status":"open","template":"","meta":{"footnotes":""},"class_list":["post-1149","page","type-page","status-publish","hentry"],"_links":{"self":[{"href":"https:\/\/outbackyachting.com\/tr\/wp-json\/wp\/v2\/pages\/1149","targetHints":{"allow":["GET"]}}],"collection":[{"href":"https:\/\/outbackyachting.com\/tr\/wp-json\/wp\/v2\/pages"}],"about":[{"href":"https:\/\/outbackyachting.com\/tr\/wp-json\/wp\/v2\/types\/page"}],"author":[{"embeddable":true,"href":"https:\/\/outbackyachting.com\/tr\/wp-json\/wp\/v2\/users\/2"}],"replies":[{"embeddable":true,"href":"https:\/\/outbackyachting.com\/tr\/wp-json\/wp\/v2\/comments?post=1149"}],"version-history":[{"count":7,"href":"https:\/\/outbackyachting.com\/tr\/wp-json\/wp\/v2\/pages\/1149\/revisions"}],"predecessor-version":[{"id":1182,"href":"https:\/\/outbackyachting.com\/tr\/wp-json\/wp\/v2\/pages\/1149\/revisions\/1182"}],"wp:attachment":[{"href":"https:\/\/outbackyachting.com\/tr\/wp-json\/wp\/v2\/media?parent=1149"}],"curies":[{"name":"wp","href":"https:\/\/api.w.org\/{rel}","templated":true}]}}