{"id":1154,"date":"2021-05-29T10:47:04","date_gmt":"2021-05-29T10:47:04","guid":{"rendered":"https:\/\/outbackyachting.com\/?page_id=1154"},"modified":"2021-05-29T11:28:20","modified_gmt":"2021-05-29T11:28:20","slug":"rezervasyon-yap","status":"publish","type":"page","link":"https:\/\/outbackyachting.com\/tr\/rezervasyon-yap\/","title":{"rendered":"Rezervasyon Yap"},"content":{"rendered":"\t\t<div data-elementor-type=\"wp-page\" data-elementor-id=\"1154\" class=\"elementor elementor-1154\">\n\t\t\t\t\t\t<section class=\"elementor-section elementor-top-section elementor-element elementor-element-1711ae1 elementor-section-height-min-height elementor-section-boxed elementor-section-height-default elementor-section-items-middle\" data-id=\"1711ae1\" data-element_type=\"section\" data-e-type=\"section\">\n\t\t\t\t\t\t<div class=\"elementor-container elementor-column-gap-default\">\n\t\t\t\t\t<div class=\"elementor-column elementor-col-100 elementor-top-column elementor-element elementor-element-e2e5baf\" data-id=\"e2e5baf\" data-element_type=\"column\" data-e-type=\"column\">\n\t\t\t<div class=\"elementor-widget-wrap elementor-element-populated\">\n\t\t\t\t\t\t<section class=\"elementor-section elementor-inner-section elementor-element elementor-element-d6fae84 elementor-section-boxed elementor-section-height-default elementor-section-height-default\" data-id=\"d6fae84\" data-element_type=\"section\" data-e-type=\"section\">\n\t\t\t\t\t\t<div class=\"elementor-container elementor-column-gap-default\">\n\t\t\t\t\t<div class=\"elementor-column elementor-col-100 elementor-inner-column elementor-element elementor-element-c09477e\" data-id=\"c09477e\" data-element_type=\"column\" data-e-type=\"column\">\n\t\t\t<div class=\"elementor-widget-wrap elementor-element-populated\">\n\t\t\t\t\t\t<div class=\"elementor-element elementor-element-a8bed0c elementor-widget elementor-widget-heading\" data-id=\"a8bed0c\" data-element_type=\"widget\" data-e-type=\"widget\" data-widget_type=\"heading.default\">\n\t\t\t\t<div class=\"elementor-widget-container\">\n\t\t\t\t\t<h2 class=\"elementor-heading-title elementor-size-large\">\u015eimdi rezervasyon yap\u0131n ve bekleyin.\nBodrum'da g\u00f6r\u00fc\u015fmek \u00fczere!<\/h2>\t\t\t\t<\/div>\n\t\t\t\t<\/div>\n\t\t\t\t\t<\/div>\n\t\t<\/div>\n\t\t\t\t\t<\/div>\n\t\t<\/section>\n\t\t\t\t\t<\/div>\n\t\t<\/div>\n\t\t\t\t\t<\/div>\n\t\t<\/section>\n\t\t\t\t<section class=\"elementor-section elementor-top-section elementor-element elementor-element-1a2c6d2 elementor-section-boxed elementor-section-height-default elementor-section-height-default\" data-id=\"1a2c6d2\" data-element_type=\"section\" data-e-type=\"section\">\n\t\t\t\t\t\t<div class=\"elementor-container elementor-column-gap-default\">\n\t\t\t\t\t<div class=\"elementor-column elementor-col-33 elementor-top-column elementor-element elementor-element-5b5c591\" data-id=\"5b5c591\" data-element_type=\"column\" data-e-type=\"column\">\n\t\t\t<div class=\"elementor-widget-wrap elementor-element-populated\">\n\t\t\t\t\t\t<div class=\"elementor-element elementor-element-9c00f83 elementor-widget elementor-widget-mfn_trailer_box\" data-id=\"9c00f83\" data-element_type=\"widget\" data-e-type=\"widget\" data-widget_type=\"mfn_trailer_box.default\">\n\t\t\t\t<div class=\"elementor-widget-container\">\n\t\t\t\t\t<div class=\"trailer_box \"><a href=\"https:\/\/wa.me\/+905327132823?text=Merhaba,%20G\u00fcnl\u00fck%20Tekne%20Turu%20hakk\u0131nda%20bilgi%20almak%20istiyorum.\" ><img fetchpriority=\"high\" decoding=\"async\" class=\"scale-with-grid\" src=\"https:\/\/outbackyachting.com\/wp-content\/uploads\/2021\/03\/daily_outback.jpg\" alt=\"Daily Boat Trip\" width=\"960\" height=\"960\"\/><div class=\"desc\"><h2>REZERVASYON<\/h2><div class=\"line\"><\/div><\/div><\/a><\/div>\n\t\t\t\t<\/div>\n\t\t\t\t<\/div>\n\t\t\t\t<div class=\"elementor-element elementor-element-530f3b6 elementor-widget elementor-widget-text-editor\" data-id=\"530f3b6\" data-element_type=\"widget\" data-e-type=\"widget\" data-widget_type=\"text-editor.default\">\n\t\t\t\t<div class=\"elementor-widget-container\">\n\t\t\t\t\t\t\t\t\t<h4 class=\"p1\" style=\"box-sizing: inherit; font-style: normal; font-variant-ligatures: normal; font-variant-caps: normal; letter-spacing: normal;\"><span style=\"box-sizing: inherit; font-weight: bold;\">G\u00fcnl\u00fck Tekne Turu<\/span><\/h4><p class=\"p1\" style=\"box-sizing: inherit; font-style: normal; font-variant-ligatures: normal; font-variant-caps: normal; font-weight: 400; font-size: 15px; font-family: Montserrat, Helvetica, Arial, sans-serif;\"><span style=\"box-sizing: inherit; font-weight: bold;\">G\u00fcnl\u00fck turlara dahil olanlar:<\/span><\/p><ul style=\"box-sizing: inherit; margin-bottom: 15px; margin-left: 30px; font-style: normal; font-variant-ligatures: normal; font-variant-caps: normal; font-weight: 400; font-size: 15px; font-family: Montserrat, Helvetica, Arial, sans-serif; list-style-type: disc; color: #737e86;\"><li class=\"p1\" style=\"box-sizing: inherit; margin-bottom: 10px;\">\u00d6\u011fle yeme\u011fi<\/li><li class=\"p1\" style=\"box-sizing: inherit; margin-bottom: 10px;\">Soft i\u00e7ecek, bira ve \u015farap<\/li><li style=\"box-sizing: inherit; margin-bottom: 10px;\">4 y\u00fczme molas\u0131<\/li><li style=\"box-sizing: inherit;\">G\u00fcmbet \u0130skelesinden kalk\u0131\u015f<\/li><\/ul><p class=\"p1\" style=\"box-sizing: inherit; font-style: normal; font-variant-ligatures: normal; font-variant-caps: normal; font-weight: 400; font-size: 15px; font-family: Montserrat, Helvetica, Arial, sans-serif;\"><span style=\"box-sizing: inherit; font-weight: bold;\">Not:<\/span> Alkoll\u00fc i\u00e7kiler dahil de\u011fildir.<\/p><p style=\"box-sizing: inherit; margin-bottom: 0px; font-style: normal; font-variant-ligatures: normal; font-variant-caps: normal; font-weight: 400; font-size: 15px; font-family: Montserrat, Helvetica, Arial, sans-serif;\">6 ya\u015f\u0131ndan k\u00fc\u00e7\u00fc \u00e7ocuklara \u2013 <span style=\"box-sizing: inherit; font-weight: bold;\">\u00dccretsiz<\/span><br style=\"box-sizing: inherit;\" \/>7-12 ya\u015f \u00e7ocuklar \u2013 <span style=\"box-sizing: inherit; font-weight: bold;\">Yar\u0131 Fiyat<\/span><\/p>\t\t\t\t\t\t\t\t<\/div>\n\t\t\t\t<\/div>\n\t\t\t\t\t<\/div>\n\t\t<\/div>\n\t\t\t\t<div class=\"elementor-column elementor-col-33 elementor-top-column elementor-element elementor-element-ab02f02\" data-id=\"ab02f02\" data-element_type=\"column\" data-e-type=\"column\">\n\t\t\t<div class=\"elementor-widget-wrap elementor-element-populated\">\n\t\t\t\t\t\t<div class=\"elementor-element elementor-element-d6924b0 elementor-widget elementor-widget-mfn_trailer_box\" data-id=\"d6924b0\" data-element_type=\"widget\" data-e-type=\"widget\" data-widget_type=\"mfn_trailer_box.default\">\n\t\t\t\t<div class=\"elementor-widget-container\">\n\t\t\t\t\t<div class=\"trailer_box \"><a href=\"https:\/\/wa.me\/+905327132823?text=Merhaba,%20\u00d6zel%20Tekne%20Turu%20hakk\u0131nda%20bilgi%20almak%20istiyorum.\" ><img decoding=\"async\" class=\"scale-with-grid\" src=\"https:\/\/outbackyachting.com\/wp-content\/uploads\/2021\/03\/private_outback.jpg\" alt=\"Private Boat Hire\" width=\"960\" height=\"960\"\/><div class=\"desc\"><h2>REZERVASYON<\/h2><div class=\"line\"><\/div><\/div><\/a><\/div>\n\t\t\t\t<\/div>\n\t\t\t\t<\/div>\n\t\t\t\t<div class=\"elementor-element elementor-element-d2564dc elementor-widget elementor-widget-text-editor\" data-id=\"d2564dc\" data-element_type=\"widget\" data-e-type=\"widget\" data-widget_type=\"text-editor.default\">\n\t\t\t\t<div class=\"elementor-widget-container\">\n\t\t\t\t\t\t\t\t\t<h4 style=\"box-sizing: inherit; font-style: normal; font-variant-ligatures: normal; font-variant-caps: normal; letter-spacing: normal;\"><span style=\"box-sizing: inherit; font-weight: bold;\">\u00d6zel Turlar<\/span><\/h4><p style=\"box-sizing: inherit; font-style: normal; font-variant-ligatures: normal; font-variant-caps: normal; font-weight: 400; font-size: 15px; font-family: Montserrat, Helvetica, Arial, sans-serif;\"><span style=\"box-sizing: inherit; font-weight: bold;\">\u00d6zel turlara dahil olanlar:<\/span><\/p><ul style=\"box-sizing: inherit; margin-bottom: 15px; margin-left: 30px; font-style: normal; font-variant-ligatures: normal; font-variant-caps: normal; font-weight: 400; font-size: 15px; font-family: Montserrat, Helvetica, Arial, sans-serif; list-style-type: disc; color: #737e86;\"><li style=\"box-sizing: inherit; margin-bottom: 10px;\">Geleneksel Gulet Tekne<\/li><li style=\"box-sizing: inherit; margin-bottom: 10px;\">\u00d6zel m\u00fcrettebat ve \u015fef<\/li><li style=\"box-sizing: inherit; margin-bottom: 10px;\">\u00d6\u011fle yeme\u011fi<\/li><li style=\"box-sizing: inherit; margin-bottom: 10px;\">4 y\u00fczme molas\u0131<\/li><li>G\u00fcmbet \u0130skelesinden kalk\u0131\u015f<\/li><\/ul><p style=\"box-sizing: inherit; margin-bottom: 0px; font-style: normal; font-variant-ligatures: normal; font-variant-caps: normal; font-weight: 400; font-size: 15px; font-family: Montserrat, Helvetica, Arial, sans-serif;\">\u00d6zel Gulet kiralama ve \u00f6zel istek rezervasyonlar\u0131n\u0131z i\u00e7in l\u00fctfen ileti\u015fime ge\u00e7in.<\/p>\t\t\t\t\t\t\t\t<\/div>\n\t\t\t\t<\/div>\n\t\t\t\t\t<\/div>\n\t\t<\/div>\n\t\t\t\t<div class=\"elementor-column elementor-col-33 elementor-top-column elementor-element elementor-element-2f7770d\" data-id=\"2f7770d\" data-element_type=\"column\" data-e-type=\"column\">\n\t\t\t<div class=\"elementor-widget-wrap elementor-element-populated\">\n\t\t\t\t\t\t<div class=\"elementor-element elementor-element-a5866a7 elementor-widget elementor-widget-mfn_trailer_box\" data-id=\"a5866a7\" data-element_type=\"widget\" data-e-type=\"widget\" data-widget_type=\"mfn_trailer_box.default\">\n\t\t\t\t<div class=\"elementor-widget-container\">\n\t\t\t\t\t<div class=\"trailer_box \"><a href=\"https:\/\/wa.me\/+905327132823?text=Merhaba,%20Motor%20Yat%20Kiralama%20hizmeti%20hakk\u0131nda%20bilgi%20almak%20istiyorum.\" ><img decoding=\"async\" class=\"scale-with-grid\" src=\"https:\/\/outbackyachting.com\/wp-content\/uploads\/2021\/03\/motoryacht.jpg\" alt=\"Motor Yacht Hire\" width=\"960\" height=\"960\"\/><div class=\"desc\"><h2>REZERVASYON<\/h2><div class=\"line\"><\/div><\/div><\/a><\/div>\n\t\t\t\t<\/div>\n\t\t\t\t<\/div>\n\t\t\t\t<div class=\"elementor-element elementor-element-6d8c27d elementor-widget elementor-widget-text-editor\" data-id=\"6d8c27d\" data-element_type=\"widget\" data-e-type=\"widget\" data-widget_type=\"text-editor.default\">\n\t\t\t\t<div class=\"elementor-widget-container\">\n\t\t\t\t\t\t\t\t\t<h4 style=\"box-sizing: inherit; font-style: normal; font-variant-ligatures: normal; font-variant-caps: normal; letter-spacing: normal;\"><span style=\"box-sizing: inherit; font-weight: bold;\">Motor Yat Kiralama<\/span><\/h4><p style=\"box-sizing: inherit; font-style: normal; font-variant-ligatures: normal; font-variant-caps: normal; font-weight: 400; font-size: 15px; font-family: Montserrat, Helvetica, Arial, sans-serif;\"><span style=\"box-sizing: inherit; font-weight: bold;\">Dahil olan hizmetler:<\/span><\/p><ul style=\"box-sizing: inherit; margin-bottom: 15px; margin-left: 30px; font-style: normal; font-variant-ligatures: normal; font-variant-caps: normal; font-weight: 400; font-size: 15px; font-family: Montserrat, Helvetica, Arial, sans-serif; list-style-type: disc; color: #737e86;\"><li>\u00d6zel m\u00fcrettebat ve \u015fef<\/li><li style=\"box-sizing: inherit; margin-bottom: 10px;\">\u00d6zel istekler<\/li><li>G\u00fcmbet \u0130skelesinden kalk\u0131\u015f<\/li><\/ul><p style=\"box-sizing: inherit; margin-bottom: 0px; font-style: normal; font-variant-ligatures: normal; font-variant-caps: normal; font-weight: 400; font-size: 15px; font-family: Montserrat, Helvetica, Arial, sans-serif;\">\u00d6zel motor yat kiralama talepleriniz ve rezervasyon yapt\u0131rmak i\u00e7in l\u00fctfen bizimle ileti\u015fime ge\u00e7iniz.<\/p>\t\t\t\t\t\t\t\t<\/div>\n\t\t\t\t<\/div>\n\t\t\t\t\t<\/div>\n\t\t<\/div>\n\t\t\t\t\t<\/div>\n\t\t<\/section>\n\t\t\t\t<section class=\"elementor-section elementor-top-section elementor-element elementor-element-0f02021 elementor-section-full_width elementor-section-height-min-height elementor-section-stretched elementor-section-height-default elementor-section-items-middle\" data-id=\"0f02021\" data-element_type=\"section\" data-e-type=\"section\" data-settings=\"{&quot;stretch_section&quot;:&quot;section-stretched&quot;}\">\n\t\t\t\t\t\t<div class=\"elementor-container elementor-column-gap-default\">\n\t\t\t\t\t<div class=\"elementor-column elementor-col-100 elementor-top-column elementor-element elementor-element-336a0d1\" data-id=\"336a0d1\" data-element_type=\"column\" data-e-type=\"column\">\n\t\t\t<div class=\"elementor-widget-wrap\">\n\t\t\t\t\t\t\t<\/div>\n\t\t<\/div>\n\t\t\t\t\t<\/div>\n\t\t<\/section>\n\t\t\t\t<section class=\"elementor-section elementor-top-section elementor-element elementor-element-6179e73e elementor-section-full_width elementor-section-height-min-height elementor-section-stretched elementor-section-height-default elementor-section-items-middle\" data-id=\"6179e73e\" data-element_type=\"section\" data-e-type=\"section\" data-settings=\"{&quot;stretch_section&quot;:&quot;section-stretched&quot;}\">\n\t\t\t\t\t\t<div class=\"elementor-container elementor-column-gap-no\">\n\t\t\t\t\t<div class=\"elementor-column elementor-col-100 elementor-top-column elementor-element elementor-element-b5951a7\" data-id=\"b5951a7\" data-element_type=\"column\" data-e-type=\"column\">\n\t\t\t<div class=\"elementor-widget-wrap elementor-element-populated\">\n\t\t\t\t\t\t<div class=\"elementor-element elementor-element-461deb4 elementor-widget elementor-widget-shortcode\" data-id=\"461deb4\" data-element_type=\"widget\" data-e-type=\"widget\" data-widget_type=\"shortcode.default\">\n\t\t\t\t<div class=\"elementor-widget-container\">\n\t\t\t\t\t\t\t<div class=\"elementor-shortcode\"><script language=\"JavaScript1.2\">var IHRSS_WIDTH = \"98%\"; var IHRSS_HEIGHT = \"75px\"; var IHRSS_SPEED = 1; var IHRSS_BGCOLOR = \"\"; var IHRSS_SLIDESRARRAY=new Array(); var IHRSS_SLIDESRARRAY1=new Array(); var IHRSS_FINALSLIDE = \" \"; IHRSS_SLIDESRARRAY[0]='<a title=\"outback_slide\" target=\"_blank\" href=\"https:\/\/instagram.com\/outbackyachting\"><img decoding=\"async\" style=\"display:inline;max-width: none;box-shadow: 0px 0px 0px 0px;padding-right:5px;\" alt=\"outback_slide\" src=\"https:\/\/outbackyachting.com\/wp-content\/uploads\/2021\/03\/follow_us.png\" \/><\/a>';\tIHRSS_SLIDESRARRAY[1]='<a title=\"outback_slide\" target=\"_blank\" href=\"https:\/\/instagram.com\/outbackyachting\"><img decoding=\"async\" style=\"display:inline;max-width: none;box-shadow: 0px 0px 0px 0px;padding-right:5px;\" alt=\"outback_slide\" src=\"https:\/\/outbackyachting.com\/wp-content\/uploads\/2021\/03\/follow_us.png\" \/><\/a>';\tIHRSS_SLIDESRARRAY[2]='<a title=\"outback_slide\" target=\"_blank\" href=\"https:\/\/instagram.com\/outbackyachting\"><img decoding=\"async\" style=\"display:inline;max-width: none;box-shadow: 0px 0px 0px 0px;padding-right:5px;\" alt=\"outback_slide\" src=\"https:\/\/outbackyachting.com\/wp-content\/uploads\/2021\/03\/follow_us.png\" \/><\/a>';\tIHRSS_SLIDESRARRAY[3]='<a title=\"slogan\" target=\"_blank\" href=\"https:\/\/instagram.com\/outbackyachting\"><img decoding=\"async\" style=\"display:inline;max-width: none;box-shadow: 0px 0px 0px 0px;padding-right:5px;\" alt=\"slogan\" src=\"https:\/\/outbackyachting.com\/wp-content\/uploads\/2021\/03\/follow_us.png\" \/><\/a>';\tIHRSS_SLIDESRARRAY[4]='<a title=\"slogan\" target=\"_blank\" href=\"https:\/\/instagram.com\/outbackyachting\"><img decoding=\"async\" style=\"display:inline;max-width: none;box-shadow: 0px 0px 0px 0px;padding-right:5px;\" alt=\"slogan\" src=\"https:\/\/outbackyachting.com\/wp-content\/uploads\/2021\/03\/follow_us.png\" \/><\/a>';\tIHRSS_SLIDESRARRAY1[0]='<img decoding=\"async\" style=\"display: none;max-width: none;\" src=\"https:\/\/outbackyachting.com\/wp-content\/uploads\/2021\/03\/follow_us.png\" \/>';\tIHRSS_SLIDESRARRAY1[1]='<img decoding=\"async\" style=\"display: none;max-width: none;\" src=\"https:\/\/outbackyachting.com\/wp-content\/uploads\/2021\/03\/follow_us.png\" \/>';\tIHRSS_SLIDESRARRAY1[2]='<img decoding=\"async\" style=\"display: none;max-width: none;\" src=\"https:\/\/outbackyachting.com\/wp-content\/uploads\/2021\/03\/follow_us.png\" \/>';\tIHRSS_SLIDESRARRAY1[3]='<img decoding=\"async\" style=\"display: none;max-width: none;\" src=\"https:\/\/outbackyachting.com\/wp-content\/uploads\/2021\/03\/follow_us.png\" \/>';\tIHRSS_SLIDESRARRAY1[4]='<img decoding=\"async\" style=\"display: none;max-width: none;\" src=\"https:\/\/outbackyachting.com\/wp-content\/uploads\/2021\/03\/follow_us.png\" \/>';\tvar IHRSS_IMGGAP = \"\"; var IHRSS_PIXELGAP = 0; <\/script><script language=\"JavaScript1.2\" src=\"https:\/\/outbackyachting.com\/wp-content\/plugins\/image-horizontal-reel-scroll-slideshow\/image-horizontal-reel-scroll-slideshow.js\"><\/script><\/div>\n\t\t\t\t\t\t<\/div>\n\t\t\t\t<\/div>\n\t\t\t\t\t<\/div>\n\t\t<\/div>\n\t\t\t\t\t<\/div>\n\t\t<\/section>\n\t\t\t\t<section class=\"elementor-section elementor-top-section elementor-element elementor-element-7b5b1b8 elementor-section-full_width elementor-section-height-min-height elementor-section-stretched elementor-section-height-default elementor-section-items-middle\" data-id=\"7b5b1b8\" data-element_type=\"section\" data-e-type=\"section\" data-settings=\"{&quot;stretch_section&quot;:&quot;section-stretched&quot;}\">\n\t\t\t\t\t\t<div class=\"elementor-container elementor-column-gap-default\">\n\t\t\t\t\t<div class=\"elementor-column elementor-col-100 elementor-top-column elementor-element elementor-element-ab04139\" data-id=\"ab04139\" data-element_type=\"column\" data-e-type=\"column\">\n\t\t\t<div class=\"elementor-widget-wrap\">\n\t\t\t\t\t\t\t<\/div>\n\t\t<\/div>\n\t\t\t\t\t<\/div>\n\t\t<\/section>\n\t\t\t\t<\/div>\n\t\t","protected":false},"excerpt":{"rendered":"<p>\u015eimdi rezervasyon yap\u0131n ve bekleyin. Bodrum&#8217;da g\u00f6r\u00fc\u015fmek \u00fczere! REZERVASYON G\u00fcnl\u00fck Tekne Turu G\u00fcnl\u00fck turlara dahil olanlar: \u00d6\u011fle yeme\u011fi Soft i\u00e7ecek, bira ve \u015farap 4 y\u00fczme molas\u0131<span class=\"excerpt-hellip\"> [\u2026]<\/span><\/p>\n","protected":false},"author":2,"featured_media":0,"parent":0,"menu_order":0,"comment_status":"closed","ping_status":"open","template":"elementor_header_footer","meta":{"footnotes":""},"class_list":["post-1154","page","type-page","status-publish","hentry"],"_links":{"self":[{"href":"https:\/\/outbackyachting.com\/tr\/wp-json\/wp\/v2\/pages\/1154","targetHints":{"allow":["GET"]}}],"collection":[{"href":"https:\/\/outbackyachting.com\/tr\/wp-json\/wp\/v2\/pages"}],"about":[{"href":"https:\/\/outbackyachting.com\/tr\/wp-json\/wp\/v2\/types\/page"}],"author":[{"embeddable":true,"href":"https:\/\/outbackyachting.com\/tr\/wp-json\/wp\/v2\/users\/2"}],"replies":[{"embeddable":true,"href":"https:\/\/outbackyachting.com\/tr\/wp-json\/wp\/v2\/comments?post=1154"}],"version-history":[{"count":13,"href":"https:\/\/outbackyachting.com\/tr\/wp-json\/wp\/v2\/pages\/1154\/revisions"}],"predecessor-version":[{"id":1190,"href":"https:\/\/outbackyachting.com\/tr\/wp-json\/wp\/v2\/pages\/1154\/revisions\/1190"}],"wp:attachment":[{"href":"https:\/\/outbackyachting.com\/tr\/wp-json\/wp\/v2\/media?parent=1154"}],"curies":[{"name":"wp","href":"https:\/\/api.w.org\/{rel}","templated":true}]}}