{"id":1163,"date":"2021-05-29T11:05:00","date_gmt":"2021-05-29T11:05:00","guid":{"rendered":"https:\/\/outbackyachting.com\/?page_id=1163"},"modified":"2021-05-29T11:05:46","modified_gmt":"2021-05-29T11:05:46","slug":"ozel-tekne-turu","status":"publish","type":"page","link":"https:\/\/outbackyachting.com\/tr\/ozel-tekne-turu\/","title":{"rendered":"\u00d6zel Tekne Turu"},"content":{"rendered":"\t\t<div data-elementor-type=\"wp-page\" data-elementor-id=\"1163\" class=\"elementor elementor-1163\">\n\t\t\t\t\t\t<section class=\"elementor-section elementor-top-section elementor-element elementor-element-62104ee elementor-section-full_width elementor-section-stretched elementor-section-height-default elementor-section-height-default\" data-id=\"62104ee\" data-element_type=\"section\" data-settings=\"{&quot;stretch_section&quot;:&quot;section-stretched&quot;}\">\n\t\t\t\t\t\t<div class=\"elementor-container elementor-column-gap-no\">\n\t\t\t\t\t<div class=\"elementor-column elementor-col-50 elementor-top-column elementor-element elementor-element-1d92906\" data-id=\"1d92906\" data-element_type=\"column\" data-settings=\"{&quot;background_background&quot;:&quot;classic&quot;}\">\n\t\t\t<div class=\"elementor-widget-wrap elementor-element-populated\">\n\t\t\t\t\t\t<section class=\"elementor-section elementor-inner-section elementor-element elementor-element-4d3ecca elementor-section-height-min-height elementor-section-boxed elementor-section-height-default\" data-id=\"4d3ecca\" data-element_type=\"section\">\n\t\t\t\t\t\t<div class=\"elementor-container elementor-column-gap-default\">\n\t\t\t\t\t<div class=\"elementor-column elementor-col-50 elementor-inner-column elementor-element elementor-element-bc7fdd5\" data-id=\"bc7fdd5\" data-element_type=\"column\">\n\t\t\t<div class=\"elementor-widget-wrap\">\n\t\t\t\t\t\t\t<\/div>\n\t\t<\/div>\n\t\t\t\t<div class=\"elementor-column elementor-col-50 elementor-inner-column elementor-element elementor-element-8a7e5ef\" data-id=\"8a7e5ef\" data-element_type=\"column\">\n\t\t\t<div class=\"elementor-widget-wrap\">\n\t\t\t\t\t\t\t<\/div>\n\t\t<\/div>\n\t\t\t\t\t<\/div>\n\t\t<\/section>\n\t\t\t\t\t<\/div>\n\t\t<\/div>\n\t\t\t\t<div class=\"elementor-column elementor-col-50 elementor-top-column elementor-element elementor-element-3a5bc08\" data-id=\"3a5bc08\" data-element_type=\"column\">\n\t\t\t<div class=\"elementor-widget-wrap elementor-element-populated\">\n\t\t\t\t\t\t<section class=\"elementor-section elementor-inner-section elementor-element elementor-element-8c3b2f4 elementor-section-boxed elementor-section-height-default elementor-section-height-default\" data-id=\"8c3b2f4\" data-element_type=\"section\">\n\t\t\t\t\t\t<div class=\"elementor-container elementor-column-gap-default\">\n\t\t\t\t\t<div class=\"elementor-column elementor-col-100 elementor-inner-column elementor-element elementor-element-f59218d\" data-id=\"f59218d\" data-element_type=\"column\">\n\t\t\t<div class=\"elementor-widget-wrap elementor-element-populated\">\n\t\t\t\t\t\t<div class=\"elementor-element elementor-element-676bda5 elementor-widget elementor-widget-text-editor\" data-id=\"676bda5\" data-element_type=\"widget\" data-widget_type=\"text-editor.default\">\n\t\t\t\t<div class=\"elementor-widget-container\">\n\t\t\t\t\t\t\t<h3 class=\"p1\" style=\"box-sizing: inherit; font-style: normal; font-variant-ligatures: normal; font-variant-caps: normal; letter-spacing: normal;\"><span style=\"box-sizing: inherit; font-weight: bold;\">\u00d6zel Tekne Turu<\/span><\/h3><h5 class=\"p1\" style=\"box-sizing: inherit; font-style: normal; font-variant-ligatures: normal; font-variant-caps: normal; letter-spacing: normal;\"><span style=\"box-sizing: inherit; font-weight: bold;\">Kendinizi ekstra \u00f6zel hissetmenin ve Bodrum Yar\u0131madas\u0131&#8217;n\u0131 kendi temponuzda g\u00f6rmenin m\u00fckemmel yolu&#8230;<\/span><\/h5><p>G\u00fcn i\u00e7in kendi gulet tekneniz ve m\u00fcrettebat\u0131n\u0131z ayr\u0131cal\u0131\u011f\u0131na sahip olan \u00f6zel tekne turu, her durum i\u00e7in ideal bir se\u00e7imdir. Aileniz ve arkada\u015flar\u0131n\u0131zla g\u00fcn\u00fcn keyfini \u00e7\u0131kar\u0131n ve en g\u00fczel koylar\u0131 ziyaret edin. \u00d6zel tekne kiralaman\u0131n avantaj\u0131, Bodrum sahil \u015feridinde nereye gitmek istedi\u011finizi se\u00e7ebilmenizdir.<\/p><p>Ayr\u0131ca kaptan\u0131m\u0131z\u0131n sizi en g\u00fczel koylara g\u00f6t\u00fcrece\u011fine g\u00fcvenip rahatlayabilirsiniz. \u00d6zel tekne turlar\u0131m\u0131z \u00f6zel istek ve gereksinimlerinize g\u00f6re ayarlanabilir. Ayn\u0131 zamanda \u00f6zel partiler, d\u00fc\u011f\u00fcnler, y\u0131ld\u00f6n\u00fcmleri, do\u011fum g\u00fcnleri veya herhangi bir \u00f6zel g\u00fcn i\u00e7in m\u00fckemmel bir se\u00e7imdir.<\/p><p>\u015eefimiz taraf\u0131ndan haz\u0131rlanan gemide taze pi\u015fmi\u015f \u00f6\u011fle yeme\u011fi sunuyoruz. \u00d6\u011fle yeme\u011fi \u015funlar\u0131 i\u00e7erir: bal\u0131k veya tavuk, salata, makarna, meyve, \u00e7ay ve kek (\u00f6nceden talep \u00fczerine vejetaryen veya alternatif se\u00e7enekler mevcuttur). Yan\u0131n\u0131zda rahat ayakkab\u0131lar, mayo ve havlu, g\u00fcne\u015f g\u00f6zl\u00fc\u011f\u00fc, g\u00fcne\u015flik ve g\u00fcne\u015f kremi bulundurmay\u0131 unutmay\u0131n.<\/p>\t\t\t\t\t\t<\/div>\n\t\t\t\t<\/div>\n\t\t\t\t<div class=\"elementor-element elementor-element-b841181 elementor-button-warning elementor-widget elementor-widget-button\" data-id=\"b841181\" data-element_type=\"widget\" data-widget_type=\"button.default\">\n\t\t\t\t<div class=\"elementor-widget-container\">\n\t\t\t\t\t<div class=\"elementor-button-wrapper\">\n\t\t\t<a class=\"elementor-button elementor-button-link elementor-size-lg\" href=\"https:\/\/wa.me\/+905327132823?text=Merhaba,%20\u00d6zel%20Tekne%20Turu%20hakk\u0131nda%20bilgi%20almak%20istiyorum.\">\n\t\t\t\t\t\t<span class=\"elementor-button-content-wrapper\">\n\t\t\t\t\t\t\t\t\t<span class=\"elementor-button-text\">\u015eimdi Rezervasyon Yap<\/span>\n\t\t\t\t\t<\/span>\n\t\t\t\t\t<\/a>\n\t\t<\/div>\n\t\t\t\t<\/div>\n\t\t\t\t<\/div>\n\t\t\t\t\t<\/div>\n\t\t<\/div>\n\t\t\t\t\t<\/div>\n\t\t<\/section>\n\t\t\t\t\t<\/div>\n\t\t<\/div>\n\t\t\t\t\t<\/div>\n\t\t<\/section>\n\t\t\t\t<\/div>\n\t\t","protected":false},"excerpt":{"rendered":"<p>\u00d6zel Tekne Turu Kendinizi ekstra \u00f6zel hissetmenin ve Bodrum Yar\u0131madas\u0131&#8217;n\u0131 kendi temponuzda g\u00f6rmenin m\u00fckemmel yolu&#8230; G\u00fcn i\u00e7in kendi gulet tekneniz ve m\u00fcrettebat\u0131n\u0131z ayr\u0131cal\u0131\u011f\u0131na sahip olan \u00f6zel<span class=\"excerpt-hellip\"> [\u2026]<\/span><\/p>\n","protected":false},"author":2,"featured_media":0,"parent":0,"menu_order":0,"comment_status":"closed","ping_status":"open","template":"","meta":{"footnotes":""},"class_list":["post-1163","page","type-page","status-publish","hentry"],"_links":{"self":[{"href":"https:\/\/outbackyachting.com\/tr\/wp-json\/wp\/v2\/pages\/1163"}],"collection":[{"href":"https:\/\/outbackyachting.com\/tr\/wp-json\/wp\/v2\/pages"}],"about":[{"href":"https:\/\/outbackyachting.com\/tr\/wp-json\/wp\/v2\/types\/page"}],"author":[{"embeddable":true,"href":"https:\/\/outbackyachting.com\/tr\/wp-json\/wp\/v2\/users\/2"}],"replies":[{"embeddable":true,"href":"https:\/\/outbackyachting.com\/tr\/wp-json\/wp\/v2\/comments?post=1163"}],"version-history":[{"count":4,"href":"https:\/\/outbackyachting.com\/tr\/wp-json\/wp\/v2\/pages\/1163\/revisions"}],"predecessor-version":[{"id":1167,"href":"https:\/\/outbackyachting.com\/tr\/wp-json\/wp\/v2\/pages\/1163\/revisions\/1167"}],"wp:attachment":[{"href":"https:\/\/outbackyachting.com\/tr\/wp-json\/wp\/v2\/media?parent=1163"}],"curies":[{"name":"wp","href":"https:\/\/api.w.org\/{rel}","templated":true}]}}