{"id":1171,"date":"2021-05-29T11:08:54","date_gmt":"2021-05-29T11:08:54","guid":{"rendered":"https:\/\/outbackyachting.com\/?page_id=1171"},"modified":"2021-05-29T11:10:56","modified_gmt":"2021-05-29T11:10:56","slug":"motor-yat-kiralama","status":"publish","type":"page","link":"https:\/\/outbackyachting.com\/tr\/motor-yat-kiralama\/","title":{"rendered":"Motor Yat Kiralama"},"content":{"rendered":"\t\t<div data-elementor-type=\"wp-page\" data-elementor-id=\"1171\" class=\"elementor elementor-1171\">\n\t\t\t\t\t\t<section class=\"elementor-section elementor-top-section elementor-element elementor-element-62104ee elementor-section-full_width elementor-section-stretched elementor-section-height-default elementor-section-height-default\" data-id=\"62104ee\" data-element_type=\"section\" data-e-type=\"section\" data-settings=\"{&quot;stretch_section&quot;:&quot;section-stretched&quot;}\">\n\t\t\t\t\t\t<div class=\"elementor-container elementor-column-gap-no\">\n\t\t\t\t\t<div class=\"elementor-column elementor-col-50 elementor-top-column elementor-element elementor-element-1d92906\" data-id=\"1d92906\" data-element_type=\"column\" data-e-type=\"column\" data-settings=\"{&quot;background_background&quot;:&quot;classic&quot;}\">\n\t\t\t<div class=\"elementor-widget-wrap elementor-element-populated\">\n\t\t\t\t\t\t<section class=\"elementor-section elementor-inner-section elementor-element elementor-element-afa5e86 elementor-section-height-min-height elementor-section-boxed elementor-section-height-default\" data-id=\"afa5e86\" data-element_type=\"section\" data-e-type=\"section\">\n\t\t\t\t\t\t<div class=\"elementor-container elementor-column-gap-default\">\n\t\t\t\t\t<div class=\"elementor-column elementor-col-50 elementor-inner-column elementor-element elementor-element-601ed80\" data-id=\"601ed80\" data-element_type=\"column\" data-e-type=\"column\">\n\t\t\t<div class=\"elementor-widget-wrap\">\n\t\t\t\t\t\t\t<\/div>\n\t\t<\/div>\n\t\t\t\t<div class=\"elementor-column elementor-col-50 elementor-inner-column elementor-element elementor-element-17a967b\" data-id=\"17a967b\" data-element_type=\"column\" data-e-type=\"column\">\n\t\t\t<div class=\"elementor-widget-wrap\">\n\t\t\t\t\t\t\t<\/div>\n\t\t<\/div>\n\t\t\t\t\t<\/div>\n\t\t<\/section>\n\t\t\t\t\t<\/div>\n\t\t<\/div>\n\t\t\t\t<div class=\"elementor-column elementor-col-50 elementor-top-column elementor-element elementor-element-3a5bc08\" data-id=\"3a5bc08\" data-element_type=\"column\" data-e-type=\"column\">\n\t\t\t<div class=\"elementor-widget-wrap elementor-element-populated\">\n\t\t\t\t\t\t<section class=\"elementor-section elementor-inner-section elementor-element elementor-element-8c3b2f4 elementor-section-boxed elementor-section-height-default elementor-section-height-default\" data-id=\"8c3b2f4\" data-element_type=\"section\" data-e-type=\"section\">\n\t\t\t\t\t\t<div class=\"elementor-container elementor-column-gap-default\">\n\t\t\t\t\t<div class=\"elementor-column elementor-col-100 elementor-inner-column elementor-element elementor-element-f59218d\" data-id=\"f59218d\" data-element_type=\"column\" data-e-type=\"column\">\n\t\t\t<div class=\"elementor-widget-wrap elementor-element-populated\">\n\t\t\t\t\t\t<div class=\"elementor-element elementor-element-676bda5 elementor-widget elementor-widget-text-editor\" data-id=\"676bda5\" data-element_type=\"widget\" data-e-type=\"widget\" data-widget_type=\"text-editor.default\">\n\t\t\t\t<div class=\"elementor-widget-container\">\n\t\t\t\t\t\t\t\t\t<h3 style=\"box-sizing: inherit; font-style: normal; font-variant-ligatures: normal; font-variant-caps: normal; letter-spacing: normal;\"><span style=\"box-sizing: inherit; font-weight: bold;\">Motor Yat Kiralama<\/span><\/h3><h5 style=\"box-sizing: inherit; font-style: normal; font-variant-ligatures: normal; font-variant-caps: normal; letter-spacing: normal;\">L\u00fcks ve konforu hissedin.<\/h5><p>Ki\u015fiye \u00f6zel ve ki\u015fiye \u00f6zel bir hizmet ar\u0131yorsan\u0131z, \u00f6zel motor yat gezimiz arad\u0131\u011f\u0131n\u0131z cevap olabilir.<\/p><p>G\u00fcn boyunca teknede unutulmaz bir zaman ge\u00e7irirken, Akvaryum Koyu, Ba\u011fla ve Adabo\u011faz\u0131 gibi Bodrum yar\u0131madas\u0131n\u0131n en g\u00fczel koylar\u0131n\u0131 ziyaret edeceksiniz. Her ihtiyac\u0131n\u0131z\u0131 kar\u015f\u0131lamak i\u00e7in kendi ekibinizle birlikte turkuaz mavisi denizde y\u00fczmenin ve g\u00fcvertede g\u00fcne\u015flenmenin keyfini \u00e7\u0131kar\u0131n.<\/p><p>Ba\u015ftan sona sizin, aileniz ve arkada\u015flar\u0131n\u0131z i\u00e7in m\u00fckemmel bir g\u00fcn yaratabiliriz.<\/p><p>Motorlu yatlar\u0131m\u0131z G\u00fcmbet Liman\u0131nda bulunmaktad\u0131r.<\/p>\t\t\t\t\t\t\t\t<\/div>\n\t\t\t\t<\/div>\n\t\t\t\t<div class=\"elementor-element elementor-element-b841181 elementor-button-warning elementor-widget elementor-widget-button\" data-id=\"b841181\" data-element_type=\"widget\" data-e-type=\"widget\" data-widget_type=\"button.default\">\n\t\t\t\t<div class=\"elementor-widget-container\">\n\t\t\t\t\t\t\t\t\t<div class=\"elementor-button-wrapper\">\n\t\t\t\t\t<a class=\"elementor-button elementor-button-link elementor-size-lg\" href=\"https:\/\/wa.me\/+905327132823?text=Merhaba,%20Motor%20Yat%20Kiralama%20hizmeti%20hakk\u0131nda%20bilgi%20almak%20istiyorum.\">\n\t\t\t\t\t\t<span class=\"elementor-button-content-wrapper\">\n\t\t\t\t\t\t\t\t\t<span class=\"elementor-button-text\">\u015eimdi Rezervasyon Yap<\/span>\n\t\t\t\t\t<\/span>\n\t\t\t\t\t<\/a>\n\t\t\t\t<\/div>\n\t\t\t\t\t\t\t\t<\/div>\n\t\t\t\t<\/div>\n\t\t\t\t\t<\/div>\n\t\t<\/div>\n\t\t\t\t\t<\/div>\n\t\t<\/section>\n\t\t\t\t\t<\/div>\n\t\t<\/div>\n\t\t\t\t\t<\/div>\n\t\t<\/section>\n\t\t\t\t<\/div>\n\t\t","protected":false},"excerpt":{"rendered":"<p>Motor Yat Kiralama L\u00fcks ve konforu hissedin. Ki\u015fiye \u00f6zel ve ki\u015fiye \u00f6zel bir hizmet ar\u0131yorsan\u0131z, \u00f6zel motor yat gezimiz arad\u0131\u011f\u0131n\u0131z cevap olabilir. G\u00fcn boyunca teknede unutulmaz<span class=\"excerpt-hellip\"> [\u2026]<\/span><\/p>\n","protected":false},"author":2,"featured_media":0,"parent":0,"menu_order":0,"comment_status":"closed","ping_status":"open","template":"","meta":{"footnotes":""},"class_list":["post-1171","page","type-page","status-publish","hentry"],"_links":{"self":[{"href":"https:\/\/outbackyachting.com\/tr\/wp-json\/wp\/v2\/pages\/1171","targetHints":{"allow":["GET"]}}],"collection":[{"href":"https:\/\/outbackyachting.com\/tr\/wp-json\/wp\/v2\/pages"}],"about":[{"href":"https:\/\/outbackyachting.com\/tr\/wp-json\/wp\/v2\/types\/page"}],"author":[{"embeddable":true,"href":"https:\/\/outbackyachting.com\/tr\/wp-json\/wp\/v2\/users\/2"}],"replies":[{"embeddable":true,"href":"https:\/\/outbackyachting.com\/tr\/wp-json\/wp\/v2\/comments?post=1171"}],"version-history":[{"count":7,"href":"https:\/\/outbackyachting.com\/tr\/wp-json\/wp\/v2\/pages\/1171\/revisions"}],"predecessor-version":[{"id":1179,"href":"https:\/\/outbackyachting.com\/tr\/wp-json\/wp\/v2\/pages\/1171\/revisions\/1179"}],"wp:attachment":[{"href":"https:\/\/outbackyachting.com\/tr\/wp-json\/wp\/v2\/media?parent=1171"}],"curies":[{"name":"wp","href":"https:\/\/api.w.org\/{rel}","templated":true}]}}