{"id":1183,"date":"2021-05-29T11:13:31","date_gmt":"2021-05-29T11:13:31","guid":{"rendered":"https:\/\/outbackyachting.com\/?page_id=1183"},"modified":"2021-05-29T11:21:47","modified_gmt":"2021-05-29T11:21:47","slug":"iletisim","status":"publish","type":"page","link":"https:\/\/outbackyachting.com\/tr\/iletisim\/","title":{"rendered":"\u0130leti\u015fim"},"content":{"rendered":"\t\t<div data-elementor-type=\"wp-page\" data-elementor-id=\"1183\" class=\"elementor elementor-1183\">\n\t\t\t\t\t\t<section class=\"elementor-section elementor-top-section elementor-element elementor-element-58f4f896 elementor-section-full_width elementor-section-stretched elementor-section-height-default elementor-section-height-default\" data-id=\"58f4f896\" data-element_type=\"section\" data-settings=\"{&quot;stretch_section&quot;:&quot;section-stretched&quot;}\">\n\t\t\t\t\t\t<div class=\"elementor-container elementor-column-gap-no\">\n\t\t\t\t\t<div class=\"elementor-column elementor-col-50 elementor-top-column elementor-element elementor-element-428bd377\" data-id=\"428bd377\" data-element_type=\"column\" data-settings=\"{&quot;background_background&quot;:&quot;classic&quot;}\">\n\t\t\t<div class=\"elementor-widget-wrap elementor-element-populated\">\n\t\t\t\t\t\t<div class=\"elementor-element elementor-element-8e9e42f elementor-widget elementor-widget-shortcode\" data-id=\"8e9e42f\" data-element_type=\"widget\" data-widget_type=\"shortcode.default\">\n\t\t\t\t<div class=\"elementor-widget-container\">\n\t\t\t\t\t<div class=\"elementor-shortcode\"><style type=\"text\/css\" id=\"gmpMapStyles_1_61117\">\r\n\t#google_map_easy_1_61117 {\r\n        width: 100%;\r\n        height: 550px;\r\n\t\t\t\t\t\t    }\r\n\t#gmapControlsNum_1_61117 {\r\n\t\twidth:100%\t}\r\n\t.gmpMapDetailsContainer#gmpMapDetailsContainer_1_61117 {\r\n\t\theight:550px;\r\n\t}\r\n\t.gmp_MapPreview#google_map_easy_1_61117 {\r\n\t\t\/*position:absolute;*\/\r\n\t\twidth: 100%;\r\n\t}\r\n\t#mapConElem_1_61117{\r\n\t\twidth: 100%\t}\r\n    .gm-style .gm-style-iw-c{\r\n        padding: 12px!important;\r\n    }\r\n\t    <\/style>\r\n <div class=\"gmp_map_opts\" id=\"mapConElem_1_61117\" data-id=\"1\" data-view-id=\"1_61117\" > <div class=\"gmpMapDetailsContainer\" id=\"gmpMapDetailsContainer_1_61117\"> <i class=\"gmpKMLLayersPreloader fa fa-spinner fa-spin\" aria-hidden=\"true\" style=\"display: none;\"><\/i> <div class=\"gmp_MapPreview \" id=\"google_map_easy_1_61117\"><\/div> <\/div> <div class=\"gmpMapMarkerFilters\" id=\"gmpMapMarkerFilters_1_61117\"> <\/div> <div class=\"gmpMapProControlsCon\" id=\"gmpMapProControlsCon_1_61117\"> <a title=\"WordPress Map Plugin\" style=\"display:none;\" href=\"https:\/\/supsystic.com\/plugins\/google-maps-plugin\/?utm_medium=love_link_hide\" target=\"_blank\">WordPress Map Plugin<\/a><div style=\"clear: both;\"><\/div> <\/div> <div class=\"gmpMapProDirectionsCon\" id=\"gmpMapProDirectionsCon_1_61117\" > <\/div> <div class=\"gmpMapProKmlFilterCon\" id=\"gmpMapProKmlFilterCon_1_61117\" > <\/div> <div class=\"gmpSocialSharingShell gmpSocialSharingShell_1_61117\"> <\/div> <div style=\"clear: both;\"><\/div> <\/div> <\/div>\n\t\t\t\t<\/div>\n\t\t\t\t<\/div>\n\t\t\t\t\t<\/div>\n\t\t<\/div>\n\t\t\t\t<div class=\"elementor-column elementor-col-50 elementor-top-column elementor-element elementor-element-5db042c3\" data-id=\"5db042c3\" data-element_type=\"column\">\n\t\t\t<div class=\"elementor-widget-wrap elementor-element-populated\">\n\t\t\t\t\t\t<section class=\"elementor-section elementor-inner-section elementor-element elementor-element-49552e2b elementor-section-boxed elementor-section-height-default elementor-section-height-default\" data-id=\"49552e2b\" data-element_type=\"section\">\n\t\t\t\t\t\t<div class=\"elementor-container elementor-column-gap-default\">\n\t\t\t\t\t<div class=\"elementor-column elementor-col-100 elementor-inner-column elementor-element elementor-element-52893a6b\" data-id=\"52893a6b\" data-element_type=\"column\">\n\t\t\t<div class=\"elementor-widget-wrap elementor-element-populated\">\n\t\t\t\t\t\t<div class=\"elementor-element elementor-element-4c35bd6f elementor-widget elementor-widget-text-editor\" data-id=\"4c35bd6f\" data-element_type=\"widget\" data-widget_type=\"text-editor.default\">\n\t\t\t\t<div class=\"elementor-widget-container\">\n\t\t\t\t\t\t\t<h2 style=\"box-sizing: inherit; font-style: normal; font-variant-ligatures: normal; font-variant-caps: normal; letter-spacing: normal;\"><span style=\"box-sizing: inherit; font-weight: bold;\">Size nas\u0131l yard\u0131mc\u0131 olabiliriz?<\/span><\/h2><p><span style=\"font-family: Montserrat, Helvetica, Arial, sans-serif; font-size: 15px; font-style: normal; font-variant-ligatures: normal; font-variant-caps: normal; font-weight: bold; letter-spacing: 0px;\">Teknelerimizin tamam\u0131 G\u00fcmbet liman\u0131nda bulunmaktad\u0131r. Hizmetlerimiz hakk\u0131nda bilgi almak i\u00e7in l\u00fctfen bizimle ileti\u015fime ge\u00e7in.<\/span><\/p><p style=\"box-sizing: inherit; font-style: normal; font-variant-ligatures: normal; font-variant-caps: normal; font-weight: 400; font-size: 15px; font-family: Montserrat, Helvetica, Arial, sans-serif; color: #202122;\"><span style=\"box-sizing: inherit; font-weight: bold;\">Adresimiz<br style=\"box-sizing: inherit; margin-bottom: 0px;\" \/><\/span>Bodrum, G\u00fcmbet \u0130skelesi<\/p><p style=\"box-sizing: inherit; font-style: normal; font-variant-ligatures: normal; font-variant-caps: normal; font-weight: 400; font-size: 15px; font-family: Montserrat, Helvetica, Arial, sans-serif; color: #202122;\"><span style=\"box-sizing: inherit; font-weight: bold;\">E-mail<\/span><br style=\"box-sizing: inherit; margin-bottom: 0px;\" \/><a href=\"mailto:info@outbackyachting.com\">info@outbackyachting.com<\/a><\/p><p style=\"box-sizing: inherit; font-style: normal; font-variant-ligatures: normal; font-variant-caps: normal; font-weight: 400; font-size: 15px; font-family: Montserrat, Helvetica, Arial, sans-serif; color: #202122;\"><span style=\"box-sizing: inherit; font-weight: bold;\">Telefon<\/span><br style=\"box-sizing: inherit; margin-bottom: 0px;\" \/><a href=\"https:\/\/wa.me\/+905327132823?text=Hello,%20Outback%20Yachting\">+90 532 713 28 23<\/a><\/p><p style=\"box-sizing: inherit; font-style: normal; font-variant-ligatures: normal; font-variant-caps: normal; font-weight: 400; font-size: 15px; font-family: Montserrat, Helvetica, Arial, sans-serif; color: #202122;\"><span style=\"box-sizing: inherit; font-weight: bold;\">Bizi takip edin<\/span><\/p>\t\t\t\t\t\t<\/div>\n\t\t\t\t<\/div>\n\t\t\t\t\t<\/div>\n\t\t<\/div>\n\t\t\t\t\t<\/div>\n\t\t<\/section>\n\t\t\t\t<section class=\"elementor-section elementor-inner-section elementor-element elementor-element-bac172b elementor-section-boxed elementor-section-height-default elementor-section-height-default\" data-id=\"bac172b\" data-element_type=\"section\">\n\t\t\t\t\t\t<div class=\"elementor-container elementor-column-gap-default\">\n\t\t\t\t\t<div class=\"elementor-column elementor-col-100 elementor-inner-column elementor-element elementor-element-ad5ecf8\" data-id=\"ad5ecf8\" data-element_type=\"column\">\n\t\t\t<div class=\"elementor-widget-wrap elementor-element-populated\">\n\t\t\t\t\t\t<div class=\"elementor-element elementor-element-45d45d2 e-grid-align-left elementor-shape-rounded elementor-grid-0 elementor-widget elementor-widget-social-icons\" data-id=\"45d45d2\" data-element_type=\"widget\" data-widget_type=\"social-icons.default\">\n\t\t\t\t<div class=\"elementor-widget-container\">\n\t\t\t\t\t<div class=\"elementor-social-icons-wrapper elementor-grid\">\n\t\t\t\t\t\t\t<span class=\"elementor-grid-item\">\n\t\t\t\t\t<a class=\"elementor-icon elementor-social-icon elementor-social-icon-facebook elementor-repeater-item-343ffeb\" href=\"https:\/\/facebook.com\/outbackyachting\" target=\"_blank\">\n\t\t\t\t\t\t<span class=\"elementor-screen-only\">Facebook<\/span>\n\t\t\t\t\t\t<i class=\"fab fa-facebook\"><\/i>\t\t\t\t\t<\/a>\n\t\t\t\t<\/span>\n\t\t\t\t\t\t\t<span class=\"elementor-grid-item\">\n\t\t\t\t\t<a class=\"elementor-icon elementor-social-icon elementor-social-icon-instagram elementor-repeater-item-96b0136\" href=\"https:\/\/instagram.com\/outbackyachting\" target=\"_blank\">\n\t\t\t\t\t\t<span class=\"elementor-screen-only\">Instagram<\/span>\n\t\t\t\t\t\t<i class=\"fab fa-instagram\"><\/i>\t\t\t\t\t<\/a>\n\t\t\t\t<\/span>\n\t\t\t\t\t\t\t<span class=\"elementor-grid-item\">\n\t\t\t\t\t<a class=\"elementor-icon elementor-social-icon elementor-social-icon-whatsapp elementor-repeater-item-f69b082\" href=\"https:\/\/wa.me\/+905327132823?text=Hello,%20Outback%20Yachting\" target=\"_blank\">\n\t\t\t\t\t\t<span class=\"elementor-screen-only\">Whatsapp<\/span>\n\t\t\t\t\t\t<i class=\"fab fa-whatsapp\"><\/i>\t\t\t\t\t<\/a>\n\t\t\t\t<\/span>\n\t\t\t\t\t<\/div>\n\t\t\t\t<\/div>\n\t\t\t\t<\/div>\n\t\t\t\t<div class=\"elementor-element elementor-element-d508238 elementor-widget elementor-widget-text-editor\" data-id=\"d508238\" data-element_type=\"widget\" data-widget_type=\"text-editor.default\">\n\t\t\t\t<div class=\"elementor-widget-container\">\n\t\t\t\t\t\t\t<p><strong>#OUTBACKYACHTING<\/strong><\/p>\t\t\t\t\t\t<\/div>\n\t\t\t\t<\/div>\n\t\t\t\t\t<\/div>\n\t\t<\/div>\n\t\t\t\t\t<\/div>\n\t\t<\/section>\n\t\t\t\t\t<\/div>\n\t\t<\/div>\n\t\t\t\t\t<\/div>\n\t\t<\/section>\n\t\t\t\t<section class=\"elementor-section elementor-top-section elementor-element elementor-element-53ac45d elementor-section-full_width elementor-section-height-min-height elementor-section-stretched elementor-section-height-default elementor-section-items-middle\" data-id=\"53ac45d\" data-element_type=\"section\" data-settings=\"{&quot;stretch_section&quot;:&quot;section-stretched&quot;}\">\n\t\t\t\t\t\t<div class=\"elementor-container elementor-column-gap-default\">\n\t\t\t\t\t<div class=\"elementor-column elementor-col-100 elementor-top-column elementor-element elementor-element-970e5c7\" data-id=\"970e5c7\" data-element_type=\"column\">\n\t\t\t<div class=\"elementor-widget-wrap\">\n\t\t\t\t\t\t\t<\/div>\n\t\t<\/div>\n\t\t\t\t\t<\/div>\n\t\t<\/section>\n\t\t\t\t<section class=\"elementor-section elementor-top-section elementor-element elementor-element-51ce9baa elementor-section-full_width elementor-section-height-min-height elementor-section-stretched elementor-section-height-default elementor-section-items-middle\" data-id=\"51ce9baa\" data-element_type=\"section\" data-settings=\"{&quot;stretch_section&quot;:&quot;section-stretched&quot;}\">\n\t\t\t\t\t\t<div class=\"elementor-container elementor-column-gap-no\">\n\t\t\t\t\t<div class=\"elementor-column elementor-col-100 elementor-top-column elementor-element elementor-element-1d8b48f8\" data-id=\"1d8b48f8\" data-element_type=\"column\">\n\t\t\t<div class=\"elementor-widget-wrap elementor-element-populated\">\n\t\t\t\t\t\t<div class=\"elementor-element elementor-element-75457dd9 elementor-widget elementor-widget-shortcode\" data-id=\"75457dd9\" data-element_type=\"widget\" data-widget_type=\"shortcode.default\">\n\t\t\t\t<div class=\"elementor-widget-container\">\n\t\t\t\t\t<div class=\"elementor-shortcode\"><script language=\"JavaScript1.2\">var IHRSS_WIDTH = \"98%\"; var IHRSS_HEIGHT = \"75px\"; var IHRSS_SPEED = 1; var IHRSS_BGCOLOR = \"\"; var IHRSS_SLIDESRARRAY=new Array(); var IHRSS_SLIDESRARRAY1=new Array(); var IHRSS_FINALSLIDE = \" \"; IHRSS_SLIDESRARRAY[0]='<a title=\"outback_slide\" target=\"_blank\" href=\"https:\/\/instagram.com\/outbackyachting\"><img decoding=\"async\" style=\"display:inline;max-width: none;box-shadow: 0px 0px 0px 0px;padding-right:5px;\" alt=\"outback_slide\" src=\"https:\/\/outbackyachting.com\/wp-content\/uploads\/2021\/03\/follow_us.png\" \/><\/a>';\tIHRSS_SLIDESRARRAY[1]='<a title=\"slogan\" target=\"_blank\" href=\"https:\/\/instagram.com\/outbackyachting\"><img decoding=\"async\" style=\"display:inline;max-width: none;box-shadow: 0px 0px 0px 0px;padding-right:5px;\" alt=\"slogan\" src=\"https:\/\/outbackyachting.com\/wp-content\/uploads\/2021\/03\/follow_us.png\" \/><\/a>';\tIHRSS_SLIDESRARRAY[2]='<a title=\"outback_slide\" target=\"_blank\" href=\"https:\/\/instagram.com\/outbackyachting\"><img decoding=\"async\" style=\"display:inline;max-width: none;box-shadow: 0px 0px 0px 0px;padding-right:5px;\" alt=\"outback_slide\" src=\"https:\/\/outbackyachting.com\/wp-content\/uploads\/2021\/03\/follow_us.png\" \/><\/a>';\tIHRSS_SLIDESRARRAY[3]='<a title=\"outback_slide\" target=\"_blank\" href=\"https:\/\/instagram.com\/outbackyachting\"><img decoding=\"async\" style=\"display:inline;max-width: none;box-shadow: 0px 0px 0px 0px;padding-right:5px;\" alt=\"outback_slide\" src=\"https:\/\/outbackyachting.com\/wp-content\/uploads\/2021\/03\/follow_us.png\" \/><\/a>';\tIHRSS_SLIDESRARRAY[4]='<a title=\"slogan\" target=\"_blank\" href=\"https:\/\/instagram.com\/outbackyachting\"><img decoding=\"async\" style=\"display:inline;max-width: none;box-shadow: 0px 0px 0px 0px;padding-right:5px;\" alt=\"slogan\" src=\"https:\/\/outbackyachting.com\/wp-content\/uploads\/2021\/03\/follow_us.png\" \/><\/a>';\tIHRSS_SLIDESRARRAY1[0]='<img decoding=\"async\" style=\"display: none;max-width: none;\" src=\"https:\/\/outbackyachting.com\/wp-content\/uploads\/2021\/03\/follow_us.png\" \/>';\tIHRSS_SLIDESRARRAY1[1]='<img decoding=\"async\" style=\"display: none;max-width: none;\" src=\"https:\/\/outbackyachting.com\/wp-content\/uploads\/2021\/03\/follow_us.png\" \/>';\tIHRSS_SLIDESRARRAY1[2]='<img decoding=\"async\" style=\"display: none;max-width: none;\" src=\"https:\/\/outbackyachting.com\/wp-content\/uploads\/2021\/03\/follow_us.png\" \/>';\tIHRSS_SLIDESRARRAY1[3]='<img decoding=\"async\" style=\"display: none;max-width: none;\" src=\"https:\/\/outbackyachting.com\/wp-content\/uploads\/2021\/03\/follow_us.png\" \/>';\tIHRSS_SLIDESRARRAY1[4]='<img decoding=\"async\" style=\"display: none;max-width: none;\" src=\"https:\/\/outbackyachting.com\/wp-content\/uploads\/2021\/03\/follow_us.png\" \/>';\tvar IHRSS_IMGGAP = \"\"; var IHRSS_PIXELGAP = 0; <\/script><script language=\"JavaScript1.2\" src=\"https:\/\/outbackyachting.com\/wp-content\/plugins\/image-horizontal-reel-scroll-slideshow\/image-horizontal-reel-scroll-slideshow.js\"><\/script><\/div>\n\t\t\t\t<\/div>\n\t\t\t\t<\/div>\n\t\t\t\t\t<\/div>\n\t\t<\/div>\n\t\t\t\t\t<\/div>\n\t\t<\/section>\n\t\t\t\t<section class=\"elementor-section elementor-top-section elementor-element elementor-element-0af0efb elementor-section-full_width elementor-section-height-min-height elementor-section-stretched elementor-section-height-default elementor-section-items-middle\" data-id=\"0af0efb\" data-element_type=\"section\" data-settings=\"{&quot;stretch_section&quot;:&quot;section-stretched&quot;}\">\n\t\t\t\t\t\t<div class=\"elementor-container elementor-column-gap-default\">\n\t\t\t\t\t<div class=\"elementor-column elementor-col-100 elementor-top-column elementor-element elementor-element-117142b\" data-id=\"117142b\" data-element_type=\"column\">\n\t\t\t<div class=\"elementor-widget-wrap\">\n\t\t\t\t\t\t\t<\/div>\n\t\t<\/div>\n\t\t\t\t\t<\/div>\n\t\t<\/section>\n\t\t\t\t<\/div>\n\t\t","protected":false},"excerpt":{"rendered":"<p>Size nas\u0131l yard\u0131mc\u0131 olabiliriz? Teknelerimizin tamam\u0131 G\u00fcmbet liman\u0131nda bulunmaktad\u0131r. Hizmetlerimiz hakk\u0131nda bilgi almak i\u00e7in l\u00fctfen bizimle ileti\u015fime ge\u00e7in. AdresimizBodrum, G\u00fcmbet \u0130skelesi E-mailinfo@outbackyachting.com Telefon+90 532 713 28<span class=\"excerpt-hellip\"> [\u2026]<\/span><\/p>\n","protected":false},"author":2,"featured_media":0,"parent":0,"menu_order":0,"comment_status":"closed","ping_status":"closed","template":"","meta":{"footnotes":""},"class_list":["post-1183","page","type-page","status-publish","hentry"],"_links":{"self":[{"href":"https:\/\/outbackyachting.com\/tr\/wp-json\/wp\/v2\/pages\/1183"}],"collection":[{"href":"https:\/\/outbackyachting.com\/tr\/wp-json\/wp\/v2\/pages"}],"about":[{"href":"https:\/\/outbackyachting.com\/tr\/wp-json\/wp\/v2\/types\/page"}],"author":[{"embeddable":true,"href":"https:\/\/outbackyachting.com\/tr\/wp-json\/wp\/v2\/users\/2"}],"replies":[{"embeddable":true,"href":"https:\/\/outbackyachting.com\/tr\/wp-json\/wp\/v2\/comments?post=1183"}],"version-history":[{"count":4,"href":"https:\/\/outbackyachting.com\/tr\/wp-json\/wp\/v2\/pages\/1183\/revisions"}],"predecessor-version":[{"id":1187,"href":"https:\/\/outbackyachting.com\/tr\/wp-json\/wp\/v2\/pages\/1183\/revisions\/1187"}],"wp:attachment":[{"href":"https:\/\/outbackyachting.com\/tr\/wp-json\/wp\/v2\/media?parent=1183"}],"curies":[{"name":"wp","href":"https:\/\/api.w.org\/{rel}","templated":true}]}}