{"id":1199,"date":"2021-05-29T11:33:14","date_gmt":"2021-05-29T11:33:14","guid":{"rendered":"https:\/\/outbackyachting.com\/?page_id=1199"},"modified":"2021-05-29T11:35:55","modified_gmt":"2021-05-29T11:35:55","slug":"neredeyiz","status":"publish","type":"page","link":"https:\/\/outbackyachting.com\/tr\/neredeyiz\/","title":{"rendered":"Neredeyiz"},"content":{"rendered":"\t\t<div data-elementor-type=\"wp-page\" data-elementor-id=\"1199\" class=\"elementor elementor-1199\">\n\t\t\t\t\t\t<section class=\"elementor-section elementor-top-section elementor-element elementor-element-54e30d38 elementor-section-full_width elementor-section-stretched elementor-section-height-default elementor-section-height-default\" data-id=\"54e30d38\" data-element_type=\"section\" data-settings=\"{&quot;stretch_section&quot;:&quot;section-stretched&quot;}\">\n\t\t\t\t\t\t<div class=\"elementor-container elementor-column-gap-no\">\n\t\t\t\t\t<div class=\"elementor-column elementor-col-50 elementor-top-column elementor-element elementor-element-68ef72ad\" data-id=\"68ef72ad\" data-element_type=\"column\" data-settings=\"{&quot;background_background&quot;:&quot;classic&quot;}\">\n\t\t\t<div class=\"elementor-widget-wrap elementor-element-populated\">\n\t\t\t\t\t\t<div class=\"elementor-element elementor-element-84e608e elementor-widget elementor-widget-shortcode\" data-id=\"84e608e\" data-element_type=\"widget\" data-widget_type=\"shortcode.default\">\n\t\t\t\t<div class=\"elementor-widget-container\">\n\t\t\t\t\t<div class=\"elementor-shortcode\"><style type=\"text\/css\" id=\"gmpMapStyles_1_99792\">\r\n\t#google_map_easy_1_99792 {\r\n        width: 100%;\r\n        height: 550px;\r\n\t\t\t\t\t\t    }\r\n\t#gmapControlsNum_1_99792 {\r\n\t\twidth:100%\t}\r\n\t.gmpMapDetailsContainer#gmpMapDetailsContainer_1_99792 {\r\n\t\theight:550px;\r\n\t}\r\n\t.gmp_MapPreview#google_map_easy_1_99792 {\r\n\t\t\/*position:absolute;*\/\r\n\t\twidth: 100%;\r\n\t}\r\n\t#mapConElem_1_99792{\r\n\t\twidth: 100%\t}\r\n    .gm-style .gm-style-iw-c{\r\n        padding: 12px!important;\r\n    }\r\n\t    <\/style>\r\n <div class=\"gmp_map_opts\" id=\"mapConElem_1_99792\" data-id=\"1\" data-view-id=\"1_99792\" > <div class=\"gmpMapDetailsContainer\" id=\"gmpMapDetailsContainer_1_99792\"> <i class=\"gmpKMLLayersPreloader fa fa-spinner fa-spin\" aria-hidden=\"true\" style=\"display: none;\"><\/i> <div class=\"gmp_MapPreview \" id=\"google_map_easy_1_99792\"><\/div> <\/div> <div class=\"gmpMapMarkerFilters\" id=\"gmpMapMarkerFilters_1_99792\"> <\/div> <div class=\"gmpMapProControlsCon\" id=\"gmpMapProControlsCon_1_99792\"> <a title=\"WordPress Map Plugin\" style=\"display:none;\" href=\"https:\/\/supsystic.com\/plugins\/google-maps-plugin\/?utm_medium=love_link_hide\" target=\"_blank\">WordPress Map Plugin<\/a><div style=\"clear: both;\"><\/div> <\/div> <div class=\"gmpMapProDirectionsCon\" id=\"gmpMapProDirectionsCon_1_99792\" > <\/div> <div class=\"gmpMapProKmlFilterCon\" id=\"gmpMapProKmlFilterCon_1_99792\" > <\/div> <div class=\"gmpSocialSharingShell gmpSocialSharingShell_1_99792\"> <\/div> <div style=\"clear: both;\"><\/div> <\/div> <\/div>\n\t\t\t\t<\/div>\n\t\t\t\t<\/div>\n\t\t\t\t\t<\/div>\n\t\t<\/div>\n\t\t\t\t<div class=\"elementor-column elementor-col-50 elementor-top-column elementor-element elementor-element-7c736139\" data-id=\"7c736139\" data-element_type=\"column\">\n\t\t\t<div class=\"elementor-widget-wrap elementor-element-populated\">\n\t\t\t\t\t\t<section class=\"elementor-section elementor-inner-section elementor-element elementor-element-301df06b elementor-section-boxed elementor-section-height-default elementor-section-height-default\" data-id=\"301df06b\" data-element_type=\"section\">\n\t\t\t\t\t\t<div class=\"elementor-container elementor-column-gap-default\">\n\t\t\t\t\t<div class=\"elementor-column elementor-col-100 elementor-inner-column elementor-element elementor-element-5f560841\" data-id=\"5f560841\" data-element_type=\"column\">\n\t\t\t<div class=\"elementor-widget-wrap elementor-element-populated\">\n\t\t\t\t\t\t<div class=\"elementor-element elementor-element-3324039a elementor-widget elementor-widget-text-editor\" data-id=\"3324039a\" data-element_type=\"widget\" data-widget_type=\"text-editor.default\">\n\t\t\t\t<div class=\"elementor-widget-container\">\n\t\t\t\t\t\t\t<h2 style=\"box-sizing: inherit; font-style: normal; font-variant-ligatures: normal; font-variant-caps: normal; letter-spacing: normal;\"><span style=\"box-sizing: inherit; font-weight: bold;\">Neredeyiz<\/span><\/h2><p style=\"box-sizing: inherit; font-style: normal; font-variant-ligatures: normal; font-variant-caps: normal; font-weight: 400; font-size: 15px; font-family: Montserrat, Helvetica, Arial, sans-serif; color: #202122;\"><span style=\"box-sizing: inherit; font-weight: bold;\">Teknelerimiz G\u00fcmbet liman\u0131nda bulunmaktad\u0131r.<br \/>Bodrum&#8217;un her yerinden kolayca ula\u015f\u0131labilir..<\/span><\/p><h4 style=\"box-sizing: inherit; font-style: normal; font-variant-ligatures: normal; font-variant-caps: normal; letter-spacing: normal;\"><span style=\"box-sizing: inherit; font-weight: bold;\">Sorular\u0131n\u0131z m\u0131 var?<\/span><\/h4><p style=\"box-sizing: inherit; font-style: normal; font-variant-ligatures: normal; font-variant-caps: normal; font-weight: 400; font-size: 15px; font-family: Montserrat, Helvetica, Arial, sans-serif; color: #202122;\"><span style=\"box-sizing: inherit; font-weight: bold;\">Adresimiz<br style=\"box-sizing: inherit; margin-bottom: 0px;\" \/><\/span>Bodrum, G\u00fcmbet \u0130skelesi<\/p><p style=\"box-sizing: inherit; font-style: normal; font-variant-ligatures: normal; font-variant-caps: normal; font-weight: 400; font-size: 15px; font-family: Montserrat, Helvetica, Arial, sans-serif; color: #202122;\"><span style=\"box-sizing: inherit; font-weight: bold;\">E-mail<\/span><br style=\"box-sizing: inherit; margin-bottom: 0px;\" \/>info@outbackyachting.com<\/p><p style=\"box-sizing: inherit; margin-bottom: 0px; font-style: normal; font-variant-ligatures: normal; font-variant-caps: normal; font-weight: 400; font-size: 15px; font-family: Montserrat, Helvetica, Arial, sans-serif; color: #202122;\"><span style=\"box-sizing: inherit; font-weight: bold;\">Telefon<\/span><br style=\"box-sizing: inherit; margin-bottom: 0px;\" \/>+90 532 713 28 23<\/p>\t\t\t\t\t\t<\/div>\n\t\t\t\t<\/div>\n\t\t\t\t\t<\/div>\n\t\t<\/div>\n\t\t\t\t\t<\/div>\n\t\t<\/section>\n\t\t\t\t<div class=\"elementor-element elementor-element-0b0fb71 elementor-button-warning elementor-invisible elementor-widget elementor-widget-button\" data-id=\"0b0fb71\" data-element_type=\"widget\" data-settings=\"{&quot;_animation&quot;:&quot;slideInUp&quot;}\" data-widget_type=\"button.default\">\n\t\t\t\t<div class=\"elementor-widget-container\">\n\t\t\t\t\t<div class=\"elementor-button-wrapper\">\n\t\t\t<a class=\"elementor-button elementor-button-link elementor-size-xl\" href=\"https:\/\/outbackyachting.com\/tr\/rezervasyon-yap\/\">\n\t\t\t\t\t\t<span class=\"elementor-button-content-wrapper\">\n\t\t\t\t\t\t\t\t\t<span class=\"elementor-button-text\">\u015eimdi Rezervasyon Yap<\/span>\n\t\t\t\t\t<\/span>\n\t\t\t\t\t<\/a>\n\t\t<\/div>\n\t\t\t\t<\/div>\n\t\t\t\t<\/div>\n\t\t\t\t\t<\/div>\n\t\t<\/div>\n\t\t\t\t\t<\/div>\n\t\t<\/section>\n\t\t\t\t<\/div>\n\t\t","protected":false},"excerpt":{"rendered":"<p>Neredeyiz Teknelerimiz G\u00fcmbet liman\u0131nda bulunmaktad\u0131r.Bodrum&#8217;un her yerinden kolayca ula\u015f\u0131labilir.. Sorular\u0131n\u0131z m\u0131 var? AdresimizBodrum, G\u00fcmbet \u0130skelesi E-mailinfo@outbackyachting.com Telefon+90 532 713 28 23 \u015eimdi Rezervasyon Yap<\/p>\n","protected":false},"author":2,"featured_media":0,"parent":0,"menu_order":0,"comment_status":"closed","ping_status":"closed","template":"","meta":{"footnotes":""},"class_list":["post-1199","page","type-page","status-publish","hentry"],"_links":{"self":[{"href":"https:\/\/outbackyachting.com\/tr\/wp-json\/wp\/v2\/pages\/1199"}],"collection":[{"href":"https:\/\/outbackyachting.com\/tr\/wp-json\/wp\/v2\/pages"}],"about":[{"href":"https:\/\/outbackyachting.com\/tr\/wp-json\/wp\/v2\/types\/page"}],"author":[{"embeddable":true,"href":"https:\/\/outbackyachting.com\/tr\/wp-json\/wp\/v2\/users\/2"}],"replies":[{"embeddable":true,"href":"https:\/\/outbackyachting.com\/tr\/wp-json\/wp\/v2\/comments?post=1199"}],"version-history":[{"count":10,"href":"https:\/\/outbackyachting.com\/tr\/wp-json\/wp\/v2\/pages\/1199\/revisions"}],"predecessor-version":[{"id":1209,"href":"https:\/\/outbackyachting.com\/tr\/wp-json\/wp\/v2\/pages\/1199\/revisions\/1209"}],"wp:attachment":[{"href":"https:\/\/outbackyachting.com\/tr\/wp-json\/wp\/v2\/media?parent=1199"}],"curies":[{"name":"wp","href":"https:\/\/api.w.org\/{rel}","templated":true}]}}